{"id":1358,"date":"2023-11-08T16:45:45","date_gmt":"2023-11-08T16:45:45","guid":{"rendered":"https:\/\/livet-project.eu\/darba-pakas\/"},"modified":"2024-02-25T17:36:07","modified_gmt":"2024-02-25T17:36:07","slug":"darba-pakas","status":"publish","type":"page","link":"https:\/\/livet-project.eu\/lv\/darba-pakas\/","title":{"rendered":"Darba Pakas"},"content":{"rendered":"<p>[et_pb_section fb_built=&#8221;1&#8243; custom_padding_last_edited=&#8221;on|phone&#8221; _builder_version=&#8221;4.23&#8243; _module_preset=&#8221;default&#8221; use_background_color_gradient=&#8221;on&#8221; background_color_gradient_stops=&#8221;rgba(0,0,0,0.7) 0%|rgba(0,0,0,0.6) 100%&#8221; background_color_gradient_overlays_image=&#8221;on&#8221; background_image=&#8221;https:\/\/livet-project.eu\/wp-content\/uploads\/2023\/10\/group-cows-cowshed-eating-hay-fodder-dairy-farm.jpg&#8221; custom_padding=&#8221;70px||92px||false|false&#8221; custom_padding_tablet=&#8221;110px||100px||false|false&#8221; custom_padding_phone=&#8221;70px||60px||false|false&#8221; locked=&#8221;off&#8221; global_colors_info=&#8221;{}&#8221;][et_pb_row _builder_version=&#8221;4.23&#8243; _module_preset=&#8221;default&#8221; global_colors_info=&#8221;{}&#8221;][et_pb_column type=&#8221;4_4&#8243; _builder_version=&#8221;4.23&#8243; _module_preset=&#8221;default&#8221; global_colors_info=&#8221;{}&#8221;][et_pb_text _builder_version=&#8221;4.23.1&#8243; _module_preset=&#8221;default&#8221; header_font=&#8221;|700|||||||&#8221; header_text_align=&#8221;center&#8221; header_text_color=&#8221;#FFFFFF&#8221; global_colors_info=&#8221;{}&#8221;]<\/p>\n<h1>Darba Pakas<\/h1>\n<p>[\/et_pb_text][\/et_pb_column][\/et_pb_row][\/et_pb_section][et_pb_section fb_built=&#8221;1&#8243; _builder_version=&#8221;4.23&#8243; _module_preset=&#8221;default&#8221; locked=&#8221;off&#8221; global_colors_info=&#8221;{}&#8221;][et_pb_row _builder_version=&#8221;4.23&#8243; _module_preset=&#8221;default&#8221; width=&#8221;60%&#8221; width_tablet=&#8221;90%&#8221; width_phone=&#8221;90%&#8221; width_last_edited=&#8221;on|desktop&#8221; global_colors_info=&#8221;{}&#8221;][et_pb_column type=&#8221;4_4&#8243; _builder_version=&#8221;4.23&#8243; _module_preset=&#8221;default&#8221; global_colors_info=&#8221;{}&#8221;][et_pb_accordion open_toggle_text_color=&#8221;#4d4845&#8243; open_toggle_background_color=&#8221;rgba(99,177,188,0.24)&#8221; closed_toggle_text_color=&#8221;#4d4845&#8243; closed_toggle_background_color=&#8221;RGBA(255,255,255,0)&#8221; icon_color=&#8221;#4d4845&#8243; _builder_version=&#8221;4.23.1&#8243; _module_preset=&#8221;default&#8221; toggle_text_color=&#8221;#4d4845&#8243; body_text_color=&#8221;#4d4845&#8243; custom_padding=&#8221;||||false|false&#8221; hover_enabled=&#8221;0&#8243; border_width_all=&#8221;0px&#8221; border_width_bottom=&#8221;1px&#8221; border_style_bottom=&#8221;dashed&#8221; global_colors_info=&#8221;{}&#8221; sticky_enabled=&#8221;0&#8243;][et_pb_accordion_item title=&#8221;1. darba paka \u2014 kvalifik\u0101cijas profila defin\u0113\u0161ana&#8221; open=&#8221;on&#8221; _builder_version=&#8221;4.23.1&#8243; _module_preset=&#8221;default&#8221; custom_margin=&#8221;||||false|false&#8221; hover_enabled=&#8221;0&#8243; global_colors_info=&#8221;{}&#8221; sticky_enabled=&#8221;0&#8243;]<\/p>\n<p>fokus\u0113jas uz r\u016bp\u012bgu profesion\u0101lo vajadz\u012bbu anal\u012bzi lopkop\u012bbas nozar\u0113, risinot gan prasmju neatbilst\u012bbas, gan apm\u0101c\u012bbas pied\u0101v\u0101juma jaut\u0101jumu. Tas sniegs inform\u0101ciju jauna &#8221;vienas vesel\u012bbas&#8221; konsultanta kvalifik\u0101cijas profila izveidei, kur\u0101 b\u016bs iek\u013cauti amata apraksti, normat\u012bvo aspektu izv\u0113rt\u0113jums un nepiecie\u0161am\u0101s zin\u0101\u0161anas un prasmes. \u0160is profils atbild\u012bs starptautiskajiem un valsts standartiem.<\/p>\n<p>[\/et_pb_accordion_item][et_pb_accordion_item title=&#8221;2. darba paka. Studiju programmas un studiju materi\u0101lu izstr\u0101de&#8221; _builder_version=&#8221;4.23.1&#8243; _module_preset=&#8221;default&#8221; hover_enabled=&#8221;0&#8243; global_colors_info=&#8221;{}&#8221; open=&#8221;off&#8221; sticky_enabled=&#8221;0&#8243;]<\/p>\n<p>fokus\u0113jas uz studiju programmas izveidi, kuras pamat\u0101 ir ECVET principi. Studiju programma b\u016bs modul\u0101ra, atspogu\u013cojot aktu\u0101los p\u0113t\u012bjumu rezult\u0101tus un ietvers inovat\u012bvas studiju metodikas, digit\u0101los resursus un virtu\u0101los risin\u0101jumus zin\u0101\u0161anu nodo\u0161anas uzlabo\u0161anai. Taj\u0101 tiks iek\u013cautas atsauksmes no ieinteres\u0113taj\u0101m grup\u0101m, lai nodro\u0161in\u0101tu atbilst\u012bbu darba tirgus pras\u012bb\u0101m.<\/p>\n<p>[\/et_pb_accordion_item][et_pb_accordion_item title=&#8221;3. darba paka \u2014 pilotapm\u0101c\u012bbas, valid\u0101cija un ex-post nov\u0113rt\u0113jums&#8221; _builder_version=&#8221;4.23.1&#8243; _module_preset=&#8221;default&#8221; hover_enabled=&#8221;0&#8243; global_colors_info=&#8221;{}&#8221; open=&#8221;off&#8221; sticky_enabled=&#8221;0&#8243;]<\/p>\n<p>ir velt\u012bta EKI 5 l\u012bmen\u012b izstr\u0101d\u0101t\u0101s PIA studiju programmas praktiskai pielieto\u0161anai. Taj\u0101 tiks izmantota modul\u0101ra pieeja, integr\u0113jot pamatkompetences ar praktisku to lietojumu, izmantojot specializ\u0113tus kursus un darb\u0101 integr\u0113tas studijas. Katr\u0101 posm\u0101 tiks sistem\u0101tiski apkopotas atsauksmes, lai uzraudz\u012btu un nov\u0113rt\u0113tu apm\u0101c\u012bbas efektivit\u0101ti.<\/p>\n<p>[\/et_pb_accordion_item][et_pb_accordion_item title=&#8221;4. darba paka \u2014 rezult\u0101tu ietekme, izplat\u012b\u0161ana un izmanto\u0161ana&#8221; _builder_version=&#8221;4.23.1&#8243; _module_preset=&#8221;default&#8221; hover_enabled=&#8221;0&#8243; global_colors_info=&#8221;{}&#8221; open=&#8221;off&#8221; sticky_enabled=&#8221;0&#8243;]<\/p>\n<p>t\u0101s m\u0113r\u0137is ir iesaist\u012bt darba tirgus dal\u012bbniekus, ieinteres\u0113t\u0101s puses un izgl\u012bt\u012bbas iest\u0101des, kas s\u0101kotn\u0113ji nepiedal\u0101s projekt\u0101. \u0160aj\u0101 darba pak\u0101 galven\u0101 uzman\u012bba tiks piev\u0113rsta rezult\u0101tu izplat\u012b\u0161anai un politikas ieteikumu izmanto\u0161anai, lai atbalst\u012btu &#8221;vienas vesel\u012bbas&#8221; pieejas integr\u0101ciju PIA.<\/p>\n<p>[\/et_pb_accordion_item][et_pb_accordion_item title=&#8221;5. darba paka \u2013 projekta koordin\u0113\u0161ana un projekta vad\u012bba&#8221; _builder_version=&#8221;4.23.1&#8243; _module_preset=&#8221;default&#8221; hover_enabled=&#8221;0&#8243; global_colors_info=&#8221;{}&#8221; open=&#8221;off&#8221; sticky_enabled=&#8221;0&#8243;]<\/p>\n<p>nodro\u0161ina projekta atbilst\u012bbu t\u0101 m\u0113r\u0137iem, sasniedzamajiem rezult\u0101tiem, laika pl\u0101nam un bud\u017eetam. Iek\u013caujot riska p\u0101rvald\u012bbu, administrat\u012bvo vad\u012bbu, bud\u017eeta uzraudz\u012bbu un projekta vad\u012bbu. Regul\u0101ra mijiedarb\u012bba ar AKIS ekosist\u0113mas dal\u012bbniekiem b\u016bs svar\u012bga kvalit\u0101tes nov\u0113rt\u0113\u0161anai un atgriezeniskajai saitei par projekta rezult\u0101tiem.<\/p>\n<p>[\/et_pb_accordion_item][\/et_pb_accordion][\/et_pb_column][\/et_pb_row][\/et_pb_section]<\/p>\n","protected":false},"excerpt":{"rendered":"<p>Darba Pakasfokus\u0113jas uz r\u016bp\u012bgu profesion\u0101lo vajadz\u012bbu anal\u012bzi lopkop\u012bbas nozar\u0113, risinot gan prasmju neatbilst\u012bbas, gan apm\u0101c\u012bbas pied\u0101v\u0101juma jaut\u0101jumu. Tas sniegs inform\u0101ciju jauna &#8221;vienas vesel\u012bbas&#8221; konsultanta kvalifik\u0101cijas profila izveidei, kur\u0101 b\u016bs iek\u013cauti amata apraksti, normat\u012bvo aspektu izv\u0113rt\u0113jums un nepiecie\u0161am\u0101s zin\u0101\u0161anas un prasmes. \u0160is profils atbild\u012bs starptautiskajiem un valsts standartiem.fokus\u0113jas uz studiju programmas izveidi, kuras pamat\u0101 ir ECVET [&hellip;]<\/p>\n","protected":false},"author":1,"featured_media":0,"parent":0,"menu_order":0,"comment_status":"closed","ping_status":"closed","template":"","meta":{"_acf_changed":false,"_et_pb_use_builder":"on","_et_pb_old_content":"","_et_gb_content_width":"","footnotes":""},"class_list":["post-1358","page","type-page","status-publish","hentry"],"acf":[],"_links":{"self":[{"href":"https:\/\/livet-project.eu\/lv\/wp-json\/wp\/v2\/pages\/1358","targetHints":{"allow":["GET"]}}],"collection":[{"href":"https:\/\/livet-project.eu\/lv\/wp-json\/wp\/v2\/pages"}],"about":[{"href":"https:\/\/livet-project.eu\/lv\/wp-json\/wp\/v2\/types\/page"}],"author":[{"embeddable":true,"href":"https:\/\/livet-project.eu\/lv\/wp-json\/wp\/v2\/users\/1"}],"replies":[{"embeddable":true,"href":"https:\/\/livet-project.eu\/lv\/wp-json\/wp\/v2\/comments?post=1358"}],"version-history":[{"count":2,"href":"https:\/\/livet-project.eu\/lv\/wp-json\/wp\/v2\/pages\/1358\/revisions"}],"predecessor-version":[{"id":1360,"href":"https:\/\/livet-project.eu\/lv\/wp-json\/wp\/v2\/pages\/1358\/revisions\/1360"}],"wp:attachment":[{"href":"https:\/\/livet-project.eu\/lv\/wp-json\/wp\/v2\/media?parent=1358"}],"curies":[{"name":"wp","href":"https:\/\/api.w.org\/{rel}","templated":true}]}}