{"id":1323,"date":"2023-10-22T10:39:15","date_gmt":"2023-10-22T09:39:15","guid":{"rendered":"https:\/\/livet-project.eu\/sakumlapa\/"},"modified":"2024-05-08T10:23:20","modified_gmt":"2024-05-08T09:23:20","slug":"sakumlapa","status":"publish","type":"page","link":"https:\/\/livet-project.eu\/lv\/","title":{"rendered":"S\u0101kumlapa"},"content":{"rendered":"<p>[et_pb_section fb_built=&#8221;1&#8243; custom_padding_last_edited=&#8221;on|phone&#8221; admin_label=&#8221;Hero&#8221; _builder_version=&#8221;4.23&#8243; _module_preset=&#8221;default&#8221; use_background_color_gradient=&#8221;on&#8221; background_color_gradient_stops=&#8221;rgba(0,0,0,0.7) 0%|rgba(0,0,0,0.6) 100%&#8221; background_color_gradient_overlays_image=&#8221;on&#8221; background_image=&#8221;https:\/\/livet-project.eu\/wp-content\/uploads\/2023\/10\/group-cows-cowshed-eating-hay-fodder-dairy-farm.jpg&#8221; custom_padding=&#8221;150px||140px||false|false&#8221; custom_padding_tablet=&#8221;120px||110px||false|false&#8221; custom_padding_phone=&#8221;70px||60px||false|false&#8221; global_colors_info=&#8221;{}&#8221;][et_pb_row _builder_version=&#8221;4.22.2&#8243; _module_preset=&#8221;default&#8221; global_colors_info=&#8221;{}&#8221;][et_pb_column type=&#8221;4_4&#8243; _builder_version=&#8221;4.22.2&#8243; _module_preset=&#8221;default&#8221; global_colors_info=&#8221;{}&#8221;][et_pb_heading title=&#8221;LIVET&#8221; _builder_version=&#8221;4.22.2&#8243; _module_preset=&#8221;default&#8221; title_font=&#8221;|700|||||||&#8221; title_text_align=&#8221;center&#8221; title_text_color=&#8221;#FFFFFF&#8221; title_font_size=&#8221;100px&#8221; custom_margin=&#8221;||-10px|||&#8221; global_colors_info=&#8221;{}&#8221;][\/et_pb_heading][et_pb_text _builder_version=&#8221;4.23.1&#8243; _module_preset=&#8221;default&#8221; text_text_color=&#8221;#FFFFFF&#8221; text_letter_spacing=&#8221;2px&#8221; text_orientation=&#8221;center&#8221; global_colors_info=&#8221;{}&#8221;]<\/p>\n<p>Lopkop\u012bba un &#8221;vienas vesel\u012bbas&#8221; pieeja<\/p>\n<p>[\/et_pb_text][\/et_pb_column][\/et_pb_row][\/et_pb_section][et_pb_section fb_built=&#8221;1&#8243; admin_label=&#8221;Logo and Slogan&#8221; _builder_version=&#8221;4.22.2&#8243; _module_preset=&#8221;default&#8221; global_colors_info=&#8221;{}&#8221;][et_pb_row column_structure=&#8221;1_2,1_2&#8243; _builder_version=&#8221;4.23&#8243; _module_preset=&#8221;default&#8221; width=&#8221;60%&#8221; width_tablet=&#8221;80%&#8221; width_phone=&#8221;90%&#8221; width_last_edited=&#8221;on|desktop&#8221; global_colors_info=&#8221;{}&#8221;][et_pb_column type=&#8221;1_2&#8243; _builder_version=&#8221;4.22.2&#8243; _module_preset=&#8221;default&#8221; global_colors_info=&#8221;{}&#8221;][et_pb_image src=&#8221;https:\/\/livet-project.eu\/wp-content\/uploads\/2023\/10\/logo-LIVET-1.png&#8221; alt=&#8221;LIVET &#8211; Lopkop\u012bba un &apos;&apos;vienas vesel\u012bbas&apos;&apos; pieeja&#8221; title_text=&#8221;LIVET &#8211; Lopkop\u012bba un &apos;&apos;vienas vesel\u012bbas&apos;&apos; pieeja&#8221; align_tablet=&#8221;center&#8221; align_phone=&#8221;center&#8221; align_last_edited=&#8221;on|desktop&#8221; _builder_version=&#8221;4.23&#8243; _module_preset=&#8221;default&#8221; max_width=&#8221;400px&#8221; global_colors_info=&#8221;{}&#8221;][\/et_pb_image][\/et_pb_column][et_pb_column type=&#8221;1_2&#8243; _builder_version=&#8221;4.22.2&#8243; _module_preset=&#8221;default&#8221; global_colors_info=&#8221;{}&#8221;][et_pb_text _builder_version=&#8221;4.22.2&#8243; _module_preset=&#8221;default&#8221; text_font_size=&#8221;30px&#8221; text_line_height=&#8221;1.65em&#8221; text_orientation=&#8221;center&#8221; custom_margin=&#8221;140px||||false|false&#8221; custom_margin_tablet=&#8221;0px||||false|false&#8221; custom_margin_phone=&#8221;0px||||false|false&#8221; custom_margin_last_edited=&#8221;on|desktop&#8221; text_font_size_tablet=&#8221;30px&#8221; text_font_size_phone=&#8221;20px&#8221; text_font_size_last_edited=&#8221;on|desktop&#8221; global_colors_info=&#8221;{}&#8221;]<\/p>\n<p>&#8221;Vienas vesel\u012bbas&#8221; pieejas izmanto\u0161ana dz\u012bvnieku labtur\u012bbai, zoono\u017eu profilaksei un atbild\u012bgai antimikrobi\u0101lo l\u012bdzek\u013cu izmanto\u0161anai ilgtsp\u0113j\u012bgai lauksaimniec\u012bbai<\/p>\n<p>[\/et_pb_text][\/et_pb_column][\/et_pb_row][\/et_pb_section][et_pb_section fb_built=&#8221;1&#8243; admin_label=&#8221;One Health&#8221; _builder_version=&#8221;4.22.2&#8243; _module_preset=&#8221;default&#8221; background_color=&#8221;RGBA(255,255,255,0)&#8221; use_background_color_gradient=&#8221;on&#8221; background_color_gradient_direction=&#8221;90deg&#8221; background_color_gradient_stops=&#8221;rgba(99,177,188,0.39) 0%|rgba(99,177,188,0) 98%&#8221; global_colors_info=&#8221;{}&#8221;][et_pb_row column_structure=&#8221;1_2,1_2&#8243; _builder_version=&#8221;4.22.2&#8243; _module_preset=&#8221;default&#8221; custom_margin=&#8221;||||false|false&#8221; custom_margin_tablet=&#8221;||||false|false&#8221; custom_margin_phone=&#8221;||40px||false|false&#8221; custom_margin_last_edited=&#8221;on|desktop&#8221; global_colors_info=&#8221;{}&#8221;][et_pb_column type=&#8221;1_2&#8243; _builder_version=&#8221;4.22.2&#8243; _module_preset=&#8221;default&#8221; global_colors_info=&#8221;{}&#8221;][et_pb_text _builder_version=&#8221;4.22.2&#8243; _module_preset=&#8221;default&#8221; text_font=&#8221;|700|on||||||&#8221; custom_margin=&#8221;||0px||false|false&#8221; custom_margin_tablet=&#8221;||0px||false|false&#8221; custom_margin_phone=&#8221;||0px||false|false&#8221; custom_margin_last_edited=&#8221;on|desktop&#8221; global_colors_info=&#8221;{}&#8221;]<\/p>\n<p>Vienota, multidisciplin\u0101ra pieeja<\/p>\n<p>[\/et_pb_text][et_pb_text _builder_version=&#8221;4.23&#8243; _module_preset=&#8221;default&#8221; header_font_size=&#8221;80px&#8221; header_2_font=&#8221;|700|||||||&#8221; header_2_text_color=&#8221;#63b1bc&#8221; header_2_font_size=&#8221;80px&#8221; custom_margin=&#8221;0px||0px||false|false&#8221; custom_margin_tablet=&#8221;0px||0px||false|false&#8221; custom_margin_phone=&#8221;0px||0px||false|false&#8221; custom_margin_last_edited=&#8221;on|phone&#8221; custom_padding=&#8221;||||false|false&#8221; header_font_size_tablet=&#8221;80px&#8221; header_font_size_phone=&#8221;30px&#8221; header_font_size_last_edited=&#8221;on|phone&#8221; header_2_font_size_tablet=&#8221;80px&#8221; header_2_font_size_phone=&#8221;40px&#8221; header_2_font_size_last_edited=&#8221;on|desktop&#8221; global_colors_info=&#8221;{}&#8221;]<\/p>\n<h2>Viena Vesel\u012bba<\/h2>\n<p>[\/et_pb_text][et_pb_accordion open_toggle_background_color=&#8221;RGBA(255,255,255,0)&#8221; closed_toggle_background_color=&#8221;RGBA(255,255,255,0)&#8221; _builder_version=&#8221;4.23.1&#8243; _module_preset=&#8221;default&#8221; custom_margin=&#8221;||||false|false&#8221; custom_padding=&#8221;||||false|false&#8221; global_colors_info=&#8221;{}&#8221;][et_pb_accordion_item title=&#8221;KAS YRA &apos;&apos;VIENA VESEL\u012aBA&apos;&apos;?&#8221; open=&#8221;on&#8221; open_toggle_text_color=&#8221;#4d4845&#8243; icon_color=&#8221;#4d4845&#8243; _builder_version=&#8221;4.23&#8243; _module_preset=&#8221;default&#8221; background_color=&#8221;RGBA(255,255,255,0)&#8221; background_enable_color=&#8221;on&#8221; custom_padding=&#8221;|||0px|false|false&#8221; border_width_all=&#8221;0px&#8221; border_width_bottom=&#8221;1px&#8221; border_color_bottom=&#8221;#4d4845&#8243; border_style_bottom=&#8221;dashed&#8221; global_colors_info=&#8221;{}&#8221; toggle_text_color=&#8221;#4d4845&#8243; toggle_font_size=&#8221;28px&#8221;]<\/p>\n<p>&#8221;Viena vesel\u012bba&#8221; ir sadarb\u012bbas pieeja, ko atbalsta P\u0101rtikas un lauksaimniec\u012bbas organiz\u0101cija (FAO), Pasaules Dz\u012bvnieku vesel\u012bbas organiz\u0101cija (WOAH) un Pasaules Vesel\u012bbas organiz\u0101cija (PVO). T\u0101s m\u0113r\u0137is ir nov\u0113rst draudus sabiedr\u012bbas vesel\u012bbai, ko izraisa mijiedarb\u012bba starp dz\u012bvniekiem, cilv\u0113kiem un vidi.<\/p>\n<p>[\/et_pb_accordion_item][et_pb_accordion_item title=&#8221;AKTU\u0100LAIS KONTEKSTS&#8221; icon_color=&#8221;#4d4845&#8243; _builder_version=&#8221;4.22.2&#8243; _module_preset=&#8221;default&#8221; background_color=&#8221;RGBA(255,255,255,0)&#8221; background_enable_color=&#8221;on&#8221; custom_margin=&#8221;||||false|false&#8221; custom_padding=&#8221;0px|||0px|false|false&#8221; border_width_all=&#8221;0px&#8221; border_width_bottom=&#8221;1px&#8221; border_color_bottom=&#8221;#4d4845&#8243; border_style_bottom=&#8221;dashed&#8221; global_colors_info=&#8221;{}&#8221; toggle_font_size=&#8221;26px&#8221; open=&#8221;off&#8221;]<\/p>\n<p>Lopkop\u012bbas nozare m\u016bsdien\u0101s saskaras ar daudz\u0101m probl\u0113m\u0101m, s\u0101kot no pieaugo\u0161\u0101 glob\u0101l\u0101 piepras\u012bjuma p\u0113c dz\u012bvnieku izcelsmes produktiem l\u012bdz pieaugo\u0161am spiedienam izmantot ilgtsp\u0113j\u012bgas saimnieko\u0161anas prakses. T\u0101du zoono\u017eu slim\u012bbu ra\u0161an\u0101s, kuras p\u0101rn\u0113s\u0101 no dz\u012bvniekiem uz cilv\u0113kiem, piem\u0113ram, COVID-19, izce\u013c vit\u0101lo saikni starp dz\u012bvnieku un cilv\u0113ku vesel\u012bbu. Integr\u0113tas pieejas ievie\u0161ana lopkop\u012bb\u0101 kalpo k\u0101 proakt\u012bva strat\u0113\u0123ija \u0161\u0101du izaicin\u0101jumu mazin\u0101\u0161anai. Taj\u0101 apl\u016bkoti t\u0101di galvenie faktori k\u0101 dz\u012bvnieku vesel\u012bba un labtur\u012bba, p\u0101rtikas nekait\u012bgums un vides ilgtsp\u0113ja, t\u0101d\u0113j\u0101di samazinot riskus un nodro\u0161inot nozares ilgtermi\u0146a dz\u012bvotsp\u0113ju. \u0160\u012b daudzpus\u012bg\u0101 pieeja pal\u012bdz savlaic\u012bgi identific\u0113t un p\u0101rvald\u012bt potenci\u0101los draudus, optimiz\u0113t resursu izmanto\u0161anu un veicin\u0101t atbild\u012bgu praksi nozar\u0113.<\/p>\n<p>[\/et_pb_accordion_item][et_pb_accordion_item title=&#8221;INTEGR\u0112TA PIEEJA LAUKSAIMNIEC\u012aB\u0100&#8221; icon_color=&#8221;#4d4845&#8243; _builder_version=&#8221;4.22.2&#8243; _module_preset=&#8221;default&#8221; background_color=&#8221;RGBA(255,255,255,0)&#8221; background_enable_color=&#8221;on&#8221; custom_padding=&#8221;0px|||0px|false|false&#8221; border_width_all=&#8221;0px&#8221; border_width_bottom=&#8221;1px&#8221; border_color_bottom=&#8221;#4d4845&#8243; border_style_bottom=&#8221;dashed&#8221; global_colors_info=&#8221;{}&#8221; toggle_font_size=&#8221;26px&#8221; open=&#8221;off&#8221;]Integr\u0113ta pieeja lauksaimniec\u012bb\u0101 dod labumu ne tikai videi un sabiedr\u012bbas vesel\u012bbai; tai ir ar\u012b skaidras ekonomisk\u0101s priek\u0161roc\u012bbas. Racionaliz\u0113jot darb\u012bbas un optimiz\u0113jot resursu izmanto\u0161anu, saimniec\u012bbas var sasniegt lab\u0101ku produktivit\u0101ti ar zem\u0101k\u0101m ieguld\u012bjumu izmaks\u0101m. Koncentr\u0113\u0161an\u0101s uz ilgtsp\u0113j\u012bgu praksi var atv\u0113rt jaunus tirgus un piesaist\u012bt pat\u0113r\u0113t\u0101ju segmentus, kas mekl\u0113 atbild\u012bgi ra\u017eotas preces. Integr\u0113ta pieeja pied\u0101v\u0101 stabil\u0101ku un notur\u012bg\u0101ku biznesa modeli, kas var piel\u0101goties tirgus sv\u0101rst\u012bb\u0101m, regul\u0113juma izmai\u0146\u0101m un jauniem izaicin\u0101jumiem. Tas rada ilgtsp\u0113j\u012bg\u0101ku un ienes\u012bg\u0101ku lauksaimniec\u012bbas nozari, kas sp\u0113j nodro\u0161in\u0101t iztiku un veicin\u0101t ekonomisko att\u012bst\u012bbu pla\u0161\u0101k\u0101 m\u0113rog\u0101.[\/et_pb_accordion_item][\/et_pb_accordion][\/et_pb_column][et_pb_column type=&#8221;1_2&#8243; _builder_version=&#8221;4.22.2&#8243; _module_preset=&#8221;default&#8221; global_colors_info=&#8221;{}&#8221;][et_pb_image src=&#8221;https:\/\/livet-project.eu\/wp-content\/uploads\/2023\/11\/one-health-infographic-1.png&#8221; alt=&#8221;One Health infographic&#8221; title_text=&#8221;one-health-infographic&#8221; _builder_version=&#8221;4.23&#8243; _module_preset=&#8221;default&#8221; border_radii=&#8221;on|10px|10px|10px|10px&#8221; global_colors_info=&#8221;{}&#8221;][\/et_pb_image][\/et_pb_column][\/et_pb_row][\/et_pb_section][et_pb_section fb_built=&#8221;1&#8243; admin_label=&#8221;Livet&#8221; _builder_version=&#8221;4.22.2&#8243; _module_preset=&#8221;default&#8221; background_color=&#8221;RGBA(255,255,255,0)&#8221; use_background_color_gradient=&#8221;on&#8221; background_color_gradient_direction=&#8221;90deg&#8221; background_color_gradient_stops=&#8221;rgba(241,184,40,0.22) 0%|rgba(241,184,40,0) 98%&#8221; global_colors_info=&#8221;{}&#8221;][et_pb_row column_structure=&#8221;1_2,1_2&#8243; _builder_version=&#8221;4.22.2&#8243; _module_preset=&#8221;default&#8221; custom_margin=&#8221;||40px||false|false&#8221; custom_margin_tablet=&#8221;||40px||false|false&#8221; custom_margin_phone=&#8221;||40px||false|false&#8221; custom_margin_last_edited=&#8221;on|desktop&#8221; global_colors_info=&#8221;{}&#8221;][et_pb_column type=&#8221;1_2&#8243; _builder_version=&#8221;4.22.2&#8243; _module_preset=&#8221;default&#8221; global_colors_info=&#8221;{}&#8221;][et_pb_image src=&#8221;https:\/\/livet-project.eu\/wp-content\/uploads\/2023\/10\/veterinary-lab-robe-standing-cowshed.jpg&#8221; alt=&#8221;veterinarian and cowshed&#8221; title_text=&#8221;veterinarian and cowshed&#8221; _builder_version=&#8221;4.23&#8243; _module_preset=&#8221;default&#8221; border_radii=&#8221;on|10px|10px|10px|10px&#8221; global_colors_info=&#8221;{}&#8221;][\/et_pb_image][et_pb_button button_text=&#8221;Izgl\u012bt\u012bbas platforma&#8221; button_alignment=&#8221;right&#8221; _builder_version=&#8221;4.23&#8243; _module_preset=&#8221;default&#8221; custom_button=&#8221;on&#8221; button_text_color=&#8221;#f1b828&#8243; button_bg_color=&#8221;#4d4845&#8243; button_border_width=&#8221;0px&#8221; button_font=&#8221;|||on|||||&#8221; button_use_icon=&#8221;off&#8221; global_colors_info=&#8221;{}&#8221;][\/et_pb_button][\/et_pb_column][et_pb_column type=&#8221;1_2&#8243; _builder_version=&#8221;4.22.2&#8243; _module_preset=&#8221;default&#8221; global_colors_info=&#8221;{}&#8221;][et_pb_text _builder_version=&#8221;4.22.2&#8243; _module_preset=&#8221;default&#8221; text_font=&#8221;|700|on||||||&#8221; custom_margin=&#8221;||0px||false|false&#8221; custom_margin_tablet=&#8221;||0px||false|false&#8221; custom_margin_phone=&#8221;||0px||false|false&#8221; custom_margin_last_edited=&#8221;on|desktop&#8221; global_colors_info=&#8221;{}&#8221;]<\/p>\n<p>Lopkop\u012bba un &#8221;vienas vesel\u012bbas&#8221; pieeja<\/p>\n<p>[\/et_pb_text][et_pb_text _builder_version=&#8221;4.22.2&#8243; _module_preset=&#8221;default&#8221; header_font_size=&#8221;80px&#8221; header_2_font=&#8221;|700|||||||&#8221; header_2_text_color=&#8221;#f1b828&#8243; header_2_font_size=&#8221;80px&#8221; custom_margin=&#8221;0px||0px||false|false&#8221; custom_margin_tablet=&#8221;0px||0px||false|false&#8221; custom_margin_phone=&#8221;0px||0px||false|false&#8221; custom_margin_last_edited=&#8221;on|phone&#8221; custom_padding=&#8221;||||false|false&#8221; header_font_size_tablet=&#8221;80px&#8221; header_font_size_phone=&#8221;30px&#8221; header_font_size_last_edited=&#8221;on|phone&#8221; header_2_font_size_tablet=&#8221;80px&#8221; header_2_font_size_phone=&#8221;40px&#8221; header_2_font_size_last_edited=&#8221;on|desktop&#8221; global_colors_info=&#8221;{}&#8221;]<\/p>\n<h2>LIVET<\/h2>\n<p>[\/et_pb_text][et_pb_accordion open_toggle_background_color=&#8221;RGBA(255,255,255,0)&#8221; closed_toggle_background_color=&#8221;RGBA(255,255,255,0)&#8221; _builder_version=&#8221;4.23.1&#8243; _module_preset=&#8221;default&#8221; custom_margin=&#8221;||||false|false&#8221; custom_padding=&#8221;||||false|false&#8221; global_colors_info=&#8221;{}&#8221;][et_pb_accordion_item title=&#8221;M\u0112R\u0136I&#8221; open=&#8221;on&#8221; open_toggle_text_color=&#8221;#4d4845&#8243; icon_color=&#8221;#4d4845&#8243; _builder_version=&#8221;4.23.1&#8243; _module_preset=&#8221;default&#8221; background_color=&#8221;RGBA(255,255,255,0)&#8221; background_enable_color=&#8221;on&#8221; custom_padding=&#8221;|||0px|false|false&#8221; border_width_all=&#8221;0px&#8221; border_width_bottom=&#8221;1px&#8221; border_color_bottom=&#8221;#4d4845&#8243; border_style_bottom=&#8221;dashed&#8221; global_colors_info=&#8221;{}&#8221; toggle_text_color=&#8221;#4d4845&#8243; toggle_font_size=&#8221;28px&#8221;]<\/p>\n<p>LIVET projekta m\u0113r\u0137is ir veicin\u0101t &#8221;vienas vesel\u012bbas&#8221; pieejas integr\u0101ciju profesion\u0101laj\u0101 izgl\u012bt\u012bb\u0101 un apm\u0101c\u012bbas (PIA). T\u0101 m\u0113r\u0137is ir uzlabot dz\u012bvnieku labtur\u012bbu, apkarot gan end\u0113misk\u0101s, gan jaun\u0101s zoonozes, k\u0101 ar\u012b samazin\u0101t antimikrobi\u0101lo l\u012bdzek\u013cu lieto\u0161anu un rezistenci. &#8216;T\u0101 k\u0101 &#8221;vienas vesel\u012bbas&#8221; pieeja ir pier\u0101d\u012bjusi savu efektivit\u0101ti zin\u0101tn\u0113 un p\u0113tniec\u012bb\u0101, tagad t\u0101 b\u016btu pla\u0161\u0101k j\u0101ievie\u0161 gan PIA, gan praks\u0113.<br \/>Tas stimul\u0113s inov\u0101cijas, izmantojot zin\u0101\u0161anu pl\u016bsmu starp augst\u0101ko izgl\u012bt\u012bbu, profesion\u0101lo izgl\u012bt\u012bbu un apm\u0101c\u012bbu jomu, k\u0101 ar\u012b pla\u0161\u0101ku soci\u0101li ekonomisko vidi.<\/p>\n<p>[\/et_pb_accordion_item][et_pb_accordion_item title=&#8221;STUDIJU PROGRAMMA UN KURSI&#8221; icon_color=&#8221;#4d4845&#8243; _builder_version=&#8221;4.22.2&#8243; _module_preset=&#8221;default&#8221; background_color=&#8221;RGBA(255,255,255,0)&#8221; background_enable_color=&#8221;on&#8221; custom_margin=&#8221;||||false|false&#8221; custom_padding=&#8221;0px|||0px|false|false&#8221; border_width_all=&#8221;0px&#8221; border_width_bottom=&#8221;1px&#8221; border_color_bottom=&#8221;#4d4845&#8243; border_style_bottom=&#8221;dashed&#8221; global_colors_info=&#8221;{}&#8221; toggle_font_size=&#8221;26px&#8221; open=&#8221;off&#8221;]<\/p>\n<p>LIVET m\u0113r\u0137is ir izveidot unik\u0101lu un inovat\u012bvu PIA studiju programmu, s\u0101kot pilotgrupas apm\u0101c\u012bbas 2025. gad\u0101. Studiju programm\u0101 b\u016bs iek\u013cauts visaptvero\u0161s studiju materi\u0101lu kopums, k\u0101 ar\u012b politikas ieteikumi &#8221;vienas vesel\u012bbas&#8221; pieejas iek\u013cau\u0161anai re\u0123ion\u0101lajos, valsts un Eiropas normat\u012bvajos dokumentos.<\/p>\n<p>[\/et_pb_accordion_item][et_pb_accordion_item title=&#8221;STUDIJU IESP\u0112JAS&#8221; icon_color=&#8221;#4d4845&#8243; _builder_version=&#8221;4.23.1&#8243; _module_preset=&#8221;default&#8221; background_color=&#8221;RGBA(255,255,255,0)&#8221; background_enable_color=&#8221;on&#8221; custom_padding=&#8221;0px|||0px|false|false&#8221; border_width_all=&#8221;0px&#8221; border_width_bottom=&#8221;1px&#8221; border_color_bottom=&#8221;#4d4845&#8243; border_style_bottom=&#8221;dashed&#8221; global_colors_info=&#8221;{}&#8221; toggle_font_size=&#8221;26px&#8221; open=&#8221;off&#8221;]1. 75 stundu tie\u0161saistes kurss, kas koncentr\u0113jas uz &#8221;vienas vesel\u012bbas&#8221; pieejas ievie\u0161anu Eiropas lopkop\u012bbas nozar\u0113.<br \/>\n2. Tr\u012bs nacion\u0101lie specializ\u0101cijas kursi par dz\u012bvnieku labtur\u012bbu, zoonoz\u0113m un antimikrobi\u0101lo l\u012bdzek\u013cu lieto\u0161anu un rezistenci, ko vada saimniec\u012bbu konsultat\u012bvie dienesti, akad\u0113miskie p\u0113tnieki un starptautiski eksperti.<br \/>\n3. Rudens skola par &#8221;vienas vesel\u012bbas&#8221; pieeju un integr\u0113tu riska p\u0101rvald\u012bbu, kas atrodas Klu\u017e\u0101-Napok\u0101, Rum\u0101nij\u0101.<br \/>\n4. 150 stundu prakses iesp\u0113ja valsts vai Eiropas uz\u0146\u0113mum\u0101.[\/et_pb_accordion_item][et_pb_accordion_item title=&#8221;M\u0112R\u0136A GRUPAS&#8221; icon_color=&#8221;#4d4845&#8243; _builder_version=&#8221;4.22.2&#8243; _module_preset=&#8221;default&#8221; background_color=&#8221;RGBA(255,255,255,0)&#8221; background_enable_color=&#8221;on&#8221; custom_padding=&#8221;0px|||0px|false|false&#8221; border_width_all=&#8221;0px&#8221; border_width_bottom=&#8221;1px&#8221; border_color_bottom=&#8221;#4d4845&#8243; border_style_bottom=&#8221;dashed&#8221; global_colors_info=&#8221;{}&#8221; toggle_font_size=&#8221;26px&#8221; open=&#8221;off&#8221;]Projekta m\u0113r\u0137a grup\u0101s iek\u013cauti absolventi no lauksaimniec\u012bbas profesion\u0101laj\u0101m izgl\u012bt\u012bbas iest\u0101d\u0113m, pamatstudiju programmu studenti lauksaimniec\u012bbas un veterin\u0101rmedic\u012bnas studiju programm\u0101s, lauksaimniec\u012bbas konsultanti, lauksaimnieki un profesion\u0101\u013ci, kas str\u0101d\u0101 lopkop\u012bbas jom\u0101. Pievienojieties mums vesel\u012bg\u0101kas, ilgtsp\u0113j\u012bg\u0101kas n\u0101kotnes veido\u0161anai visiem. Pievienojieties mums vesel\u012bg\u0101kas, ilgtsp\u0113j\u012bg\u0101kas n\u0101kotnes veido\u0161anai visiem. Re\u0123istr\u0113jieties jau tagad, lai nodro\u0161in\u0101tu sev vietu m\u016bsu kursos un prakses programm\u0101s.[\/et_pb_accordion_item][\/et_pb_accordion][et_pb_text _builder_version=&#8221;4.23.1&#8243; _dynamic_attributes=&#8221;link_option_url&#8221; _module_preset=&#8221;default&#8221; header_font=&#8221;||||||||&#8221; header_5_font=&#8221;|||on|||||&#8221; header_5_font_size=&#8221;26px&#8221; custom_padding=&#8221;||12px|||&#8221; link_option_url=&#8221;@ET-DC@eyJkeW5hbWljIjp0cnVlLCJjb250ZW50IjoicG9zdF9saW5rX3VybF9wYWdlIiwic2V0dGluZ3MiOnsicG9zdF9pZCI6IjU5OSJ9fQ==@&#8221; border_width_bottom=&#8221;1px&#8221; border_style_bottom=&#8221;dashed&#8221; global_colors_info=&#8221;{}&#8221;]<\/p>\n<h5>PROJEKTA PARTNERI<\/h5>\n<p>[\/et_pb_text][et_pb_text _builder_version=&#8221;4.23.1&#8243; _dynamic_attributes=&#8221;link_option_url&#8221; _module_preset=&#8221;default&#8221; header_font=&#8221;||||||||&#8221; header_5_font=&#8221;|||on|||||&#8221; header_5_font_size=&#8221;26px&#8221; custom_padding=&#8221;||12px|||&#8221; link_option_url=&#8221;@ET-DC@eyJkeW5hbWljIjp0cnVlLCJjb250ZW50IjoicG9zdF9saW5rX3VybF9wYWdlIiwic2V0dGluZ3MiOnsicG9zdF9pZCI6IjczNSJ9fQ==@&#8221; border_width_bottom=&#8221;1px&#8221; border_style_bottom=&#8221;dashed&#8221; global_colors_info=&#8221;{}&#8221;]<\/p>\n<h5>Darba Pakas<\/h5>\n<p>[\/et_pb_text][\/et_pb_column][\/et_pb_row][\/et_pb_section][et_pb_section fb_built=&#8221;1&#8243; disabled_on=&#8221;off|off|off&#8221; admin_label=&#8221;News&#8221; _builder_version=&#8221;4.23.2&#8243; _module_preset=&#8221;default&#8221; collapsed=&#8221;on&#8221; global_colors_info=&#8221;{}&#8221;][et_pb_row _builder_version=&#8221;4.23&#8243; _module_preset=&#8221;default&#8221; global_colors_info=&#8221;{}&#8221;][et_pb_column type=&#8221;4_4&#8243; _builder_version=&#8221;4.23&#8243; _module_preset=&#8221;default&#8221; global_colors_info=&#8221;{}&#8221;][et_pb_blog fullwidth=&#8221;off&#8221; posts_number=&#8221;3&#8243; include_categories=&#8221;31,36&#8243; disabled_on=&#8221;off|off|off&#8221; _builder_version=&#8221;4.23.2&#8243; _module_preset=&#8221;default&#8221; body_font_size=&#8221;18px&#8221; body_line_height=&#8221;1.5em&#8221; meta_font_size=&#8221;12px&#8221; animation_style=&#8221;fade&#8221; animation_duration=&#8221;1500ms&#8221; border_radii=&#8221;on|10px|10px|10px|10px&#8221; border_radii_image=&#8221;on|10px|10px|10px|10px&#8221; box_shadow_style=&#8221;preset2&#8243; box_shadow_spread=&#8221;-7px&#8221; global_colors_info=&#8221;{}&#8221;][\/et_pb_blog][\/et_pb_column][\/et_pb_row][\/et_pb_section][et_pb_section fb_built=&#8221;1&#8243; admin_label=&#8221;News&#8221; _builder_version=&#8221;4.23.2&#8243; _module_preset=&#8221;default&#8221; custom_padding=&#8221;7px||5px|||&#8221; global_colors_info=&#8221;{}&#8221;][et_pb_row column_structure=&#8221;2_5,3_5&#8243; _builder_version=&#8221;4.23.2&#8243; _module_preset=&#8221;default&#8221; global_colors_info=&#8221;{}&#8221;][et_pb_column type=&#8221;2_5&#8243; _builder_version=&#8221;4.23&#8243; _module_preset=&#8221;default&#8221; global_colors_info=&#8221;{}&#8221;][et_pb_image src=&#8221;https:\/\/livet-project.eu\/wp-content\/uploads\/2023\/11\/Co-fundedbytheEU.jpg&#8221; alt=&#8221;Co-funded by the EU&#8221; title_text=&#8221;Co-funded by the EU&#8221; _builder_version=&#8221;4.23.1&#8243; _module_preset=&#8221;default&#8221; global_colors_info=&#8221;{}&#8221;][\/et_pb_image][\/et_pb_column][et_pb_column type=&#8221;3_5&#8243; _builder_version=&#8221;4.23&#8243; _module_preset=&#8221;default&#8221; global_colors_info=&#8221;{}&#8221;][et_pb_text _builder_version=&#8221;4.23.1&#8243; _module_preset=&#8221;default&#8221; text_line_height=&#8221;1.3em&#8221; custom_margin=&#8221;20px||||false|false&#8221; custom_margin_tablet=&#8221;0px||||false|false&#8221; custom_margin_phone=&#8221;0px||||false|false&#8221; custom_margin_last_edited=&#8221;on|desktop&#8221; global_colors_info=&#8221;{}&#8221;]<\/p>\n<p><span style=\"caret-color: #000000; color: #000000; font-family: Helvetica; font-size: 15px; font-style: normal; font-variant-caps: normal; font-weight: 400; letter-spacing: normal; orphans: auto; text-align: start; text-indent: 0px; text-transform: none; white-space: normal; widows: auto; word-spacing: 0px; -webkit-text-stroke-width: 0px; text-decoration: none; display: inline !important; float: none;\">Finans\u0113 Eiropas Savien\u012bba. Paustie viedok\u013ci un uzskati atspogu\u013co autora(-u) person\u012bgos uzskatus un ne vienm\u0113r sakr\u012bt ar Eiropas Savien\u012bbas vai Eiropas Izgl\u012bt\u012bbas un Kult\u016bras izpilda\u0123ent\u016bras (EACEA) viedokli. Ne Eiropas Savien\u012bba, ne EACEA nenes atbild\u012bbu par paustajiem uzskatiem.<\/span><\/p>\n<p>[\/et_pb_text][\/et_pb_column][\/et_pb_row][\/et_pb_section]<\/p>\n","protected":false},"excerpt":{"rendered":"<p>Lopkop\u012bba un &#8221;vienas vesel\u012bbas&#8221; pieeja&#8221;Vienas vesel\u012bbas&#8221; pieejas izmanto\u0161ana dz\u012bvnieku labtur\u012bbai, zoono\u017eu profilaksei un atbild\u012bgai antimikrobi\u0101lo l\u012bdzek\u013cu izmanto\u0161anai ilgtsp\u0113j\u012bgai lauksaimniec\u012bbaiVienota, multidisciplin\u0101ra pieejaViena Vesel\u012bba&#8221;Viena vesel\u012bba&#8221; ir sadarb\u012bbas pieeja, ko atbalsta P\u0101rtikas un lauksaimniec\u012bbas organiz\u0101cija (FAO), Pasaules Dz\u012bvnieku vesel\u012bbas organiz\u0101cija (WOAH) un Pasaules Vesel\u012bbas organiz\u0101cija (PVO). T\u0101s m\u0113r\u0137is ir nov\u0113rst draudus sabiedr\u012bbas vesel\u012bbai, ko izraisa mijiedarb\u012bba starp dz\u012bvniekiem, [&hellip;]<\/p>\n","protected":false},"author":1,"featured_media":0,"parent":0,"menu_order":0,"comment_status":"closed","ping_status":"closed","template":"","meta":{"_acf_changed":false,"_et_pb_use_builder":"on","_et_pb_old_content":"","_et_gb_content_width":"","footnotes":""},"class_list":["post-1323","page","type-page","status-publish","hentry"],"acf":[],"_links":{"self":[{"href":"https:\/\/livet-project.eu\/lv\/wp-json\/wp\/v2\/pages\/1323","targetHints":{"allow":["GET"]}}],"collection":[{"href":"https:\/\/livet-project.eu\/lv\/wp-json\/wp\/v2\/pages"}],"about":[{"href":"https:\/\/livet-project.eu\/lv\/wp-json\/wp\/v2\/types\/page"}],"author":[{"embeddable":true,"href":"https:\/\/livet-project.eu\/lv\/wp-json\/wp\/v2\/users\/1"}],"replies":[{"embeddable":true,"href":"https:\/\/livet-project.eu\/lv\/wp-json\/wp\/v2\/comments?post=1323"}],"version-history":[{"count":21,"href":"https:\/\/livet-project.eu\/lv\/wp-json\/wp\/v2\/pages\/1323\/revisions"}],"predecessor-version":[{"id":1712,"href":"https:\/\/livet-project.eu\/lv\/wp-json\/wp\/v2\/pages\/1323\/revisions\/1712"}],"wp:attachment":[{"href":"https:\/\/livet-project.eu\/lv\/wp-json\/wp\/v2\/media?parent=1323"}],"curies":[{"name":"wp","href":"https:\/\/api.w.org\/{rel}","templated":true}]}}