{"id":1381,"date":"2023-11-08T16:45:45","date_gmt":"2023-11-08T16:45:45","guid":{"rendered":"https:\/\/livet-project.eu\/darbines-paketai\/"},"modified":"2024-02-25T18:19:14","modified_gmt":"2024-02-25T18:19:14","slug":"darbines-paketai","status":"publish","type":"page","link":"https:\/\/livet-project.eu\/lt\/darbines-paketai\/","title":{"rendered":"Darbin\u0117s Paketai"},"content":{"rendered":"<p>[et_pb_section fb_built=&#8221;1&#8243; custom_padding_last_edited=&#8221;on|phone&#8221; _builder_version=&#8221;4.23&#8243; _module_preset=&#8221;default&#8221; use_background_color_gradient=&#8221;on&#8221; background_color_gradient_stops=&#8221;rgba(0,0,0,0.7) 0%|rgba(0,0,0,0.6) 100%&#8221; background_color_gradient_overlays_image=&#8221;on&#8221; background_image=&#8221;https:\/\/livet-project.eu\/wp-content\/uploads\/2023\/10\/group-cows-cowshed-eating-hay-fodder-dairy-farm.jpg&#8221; custom_padding=&#8221;70px||92px||false|false&#8221; custom_padding_tablet=&#8221;110px||100px||false|false&#8221; custom_padding_phone=&#8221;70px||60px||false|false&#8221; locked=&#8221;off&#8221; global_colors_info=&#8221;{}&#8221;][et_pb_row _builder_version=&#8221;4.23&#8243; _module_preset=&#8221;default&#8221; global_colors_info=&#8221;{}&#8221;][et_pb_column type=&#8221;4_4&#8243; _builder_version=&#8221;4.23&#8243; _module_preset=&#8221;default&#8221; global_colors_info=&#8221;{}&#8221;][et_pb_text _builder_version=&#8221;4.23.1&#8243; _module_preset=&#8221;default&#8221; header_font=&#8221;|700|||||||&#8221; header_text_align=&#8221;center&#8221; header_text_color=&#8221;#FFFFFF&#8221; global_colors_info=&#8221;{}&#8221;]<\/p>\n<h1>Darbin\u0117s Paketai<\/h1>\n<p>[\/et_pb_text][\/et_pb_column][\/et_pb_row][\/et_pb_section][et_pb_section fb_built=&#8221;1&#8243; _builder_version=&#8221;4.23&#8243; _module_preset=&#8221;default&#8221; locked=&#8221;off&#8221; global_colors_info=&#8221;{}&#8221;][et_pb_row _builder_version=&#8221;4.23&#8243; _module_preset=&#8221;default&#8221; width=&#8221;60%&#8221; width_tablet=&#8221;90%&#8221; width_phone=&#8221;90%&#8221; width_last_edited=&#8221;on|desktop&#8221; global_colors_info=&#8221;{}&#8221;][et_pb_column type=&#8221;4_4&#8243; _builder_version=&#8221;4.23&#8243; _module_preset=&#8221;default&#8221; global_colors_info=&#8221;{}&#8221;][et_pb_accordion open_toggle_text_color=&#8221;#4d4845&#8243; open_toggle_background_color=&#8221;rgba(99,177,188,0.24)&#8221; closed_toggle_text_color=&#8221;#4d4845&#8243; closed_toggle_background_color=&#8221;RGBA(255,255,255,0)&#8221; icon_color=&#8221;#4d4845&#8243; _builder_version=&#8221;4.23.1&#8243; _module_preset=&#8221;default&#8221; toggle_text_color=&#8221;#4d4845&#8243; body_text_color=&#8221;#4d4845&#8243; custom_padding=&#8221;||||false|false&#8221; hover_enabled=&#8221;0&#8243; border_width_all=&#8221;0px&#8221; border_width_bottom=&#8221;1px&#8221; border_style_bottom=&#8221;dashed&#8221; global_colors_info=&#8221;{}&#8221; sticky_enabled=&#8221;0&#8243;][et_pb_accordion_item title=&#8221;1 darbo paketas \u2013 kvalifikacijos profilio apibr\u0117\u017eimas&#8221; open=&#8221;on&#8221; _builder_version=&#8221;4.23.1&#8243; _module_preset=&#8221;default&#8221; custom_margin=&#8221;||||false|false&#8221; hover_enabled=&#8221;0&#8243; global_colors_info=&#8221;{}&#8221; sticky_enabled=&#8221;0&#8243;]<\/p>\n<p>D\u0117mesys skiriamas i\u0161samiai gyvulininkyst\u0117s sektoriaus profesini\u0173 poreiki\u0173 analizei, sprend\u017eiant \u012fg\u016bd\u017ei\u0173 neatitikim\u0105 ir mokymo pasi\u016blymus. Tai pad\u0117s sukurti nauj\u0105 Vienos sveikatos patar\u0117jo kvalifikacijos profil\u012f, kuris apims pareigybi\u0173 apra\u0161ymus, reglamentavimo aspektus, reikalingas \u017einias bei \u012fg\u016bd\u017eius. \u0160is profilis atitiks tarptautinius ir nacionalinius standartus.<\/p>\n<p>[\/et_pb_accordion_item][et_pb_accordion_item title=&#8221;2 darbo paketas \u2013 mokymo programos ir mokymo med\u017eiagos k\u016brimas ir tobulinimas&#8221; _builder_version=&#8221;4.23.1&#8243; _module_preset=&#8221;default&#8221; hover_enabled=&#8221;0&#8243; global_colors_info=&#8221;{}&#8221; open=&#8221;off&#8221; sticky_enabled=&#8221;0&#8243;]<\/p>\n<p>Pagrindinis d\u0117mesys skiriamas Europos profesinio mokymo kredit\u0173 sistemos (ang. santr. ECVET) principais pagr\u012fstos mokymo programos k\u016brimui. Mokymo programa bus modulin\u0117, atspindinti tyrim\u0173 rezultatus ir apims naujovi\u0161kas mokymo metodikas, skaitmeninius i\u0161teklius ir virtualius sprendimus, skirtus \u017eini\u0173 perdavimo procesui gerinti. \u012e j\u012f bus \u012ftraukti suinteresuot\u0173j\u0173 \u0161ali\u0173 atsiliepimai, siekiant u\u017etikrinti tinkamum\u0105 darbo rinkai.<\/p>\n<p>[\/et_pb_accordion_item][et_pb_accordion_item title=&#8221;3 darbo paketas \u2013 bandomasis patikrinimas, patvirtinimas ir ex-post vertinimas&#8221; _builder_version=&#8221;4.23.1&#8243; _module_preset=&#8221;default&#8221; hover_enabled=&#8221;0&#8243; global_colors_info=&#8221;{}&#8221; open=&#8221;off&#8221; sticky_enabled=&#8221;0&#8243;]<\/p>\n<p>Skirta Europos kvalifikacij\u0173 sandaros (EKS) 5 lygmeniu parengtos profesinio mokymo programos praktiniam taikymui. Bus vykdoma pagal modulin\u012f metod\u0105, integruojant pagrindines kompetencijas su praktiniu taikymu per specializuotus kursus ir \u012f darb\u0105 integruotu mokymusi. Kiekviename etape bus sistemingai renkami atsiliepimai, siekiant steb\u0117ti ir \u012fvertinti mokymo efektyvum\u0105.<\/p>\n<p>[\/et_pb_accordion_item][et_pb_accordion_item title=&#8221;4 darbo paketas \u2013 rezultat\u0173 poveikis, sklaida ir panaudojimas&#8221; _builder_version=&#8221;4.23.1&#8243; _module_preset=&#8221;default&#8221; hover_enabled=&#8221;0&#8243; global_colors_info=&#8221;{}&#8221; open=&#8221;off&#8221; sticky_enabled=&#8221;0&#8243;]<\/p>\n<p>siekiama \u012ftraukti darbo rinkos dalyvius, suinteresuotus asmenis ir \u0161vietimo teik\u0117jus, i\u0161 prad\u017ei\u0173 nedalyvaujan\u010dius projekte. Pagrindinis d\u0117mesys bus skiriamas i\u0161vad\u0173 sklaidai ir politini\u0173 rekomendacij\u0173 panaudojimui, siekiant paremti Vienos sveikatos metodo integravim\u0105 \u012f profesinio mokymo sektori\u0173.<\/p>\n<p>[\/et_pb_accordion_item][et_pb_accordion_item title=&#8221;5 darbo paketas \u2013 konsorciumo koordinavimas ir projekto valdymas.&#8221; _builder_version=&#8221;4.23.1&#8243; _module_preset=&#8221;default&#8221; hover_enabled=&#8221;0&#8243; global_colors_info=&#8221;{}&#8221; open=&#8221;off&#8221; sticky_enabled=&#8221;0&#8243;]<\/p>\n<p>Projekto suderinimo su projekto tikslais, rezultatais, tvarkara\u0161\u010diu ir biud\u017eetu u\u017etikrinimas Tai apima rizikos valdym\u0105, administracines u\u017eduotis, biud\u017eeto prie\u017ei\u016br\u0105 ir projekto valdym\u0105. Reguliarus bendravimas su AKIS ekosistemos suinteresuotosiomis \u0161alimis bus labai svarbus kokyb\u0117s \u012fvertinimui ir atsiliepimams apie projekto rezultatus.<\/p>\n<p>[\/et_pb_accordion_item][\/et_pb_accordion][\/et_pb_column][\/et_pb_row][\/et_pb_section]<\/p>\n","protected":false},"excerpt":{"rendered":"<p>Darbin\u0117s PaketaiD\u0117mesys skiriamas i\u0161samiai gyvulininkyst\u0117s sektoriaus profesini\u0173 poreiki\u0173 analizei, sprend\u017eiant \u012fg\u016bd\u017ei\u0173 neatitikim\u0105 ir mokymo pasi\u016blymus. Tai pad\u0117s sukurti nauj\u0105 Vienos sveikatos patar\u0117jo kvalifikacijos profil\u012f, kuris apims pareigybi\u0173 apra\u0161ymus, reglamentavimo aspektus, reikalingas \u017einias bei \u012fg\u016bd\u017eius. \u0160is profilis atitiks tarptautinius ir nacionalinius standartus.Pagrindinis d\u0117mesys skiriamas Europos profesinio mokymo kredit\u0173 sistemos (ang. santr. ECVET) principais pagr\u012fstos mokymo programos [&hellip;]<\/p>\n","protected":false},"author":1,"featured_media":0,"parent":0,"menu_order":0,"comment_status":"closed","ping_status":"closed","template":"","meta":{"_acf_changed":false,"_et_pb_use_builder":"on","_et_pb_old_content":"","_et_gb_content_width":"","footnotes":""},"class_list":["post-1381","page","type-page","status-publish","hentry"],"acf":[],"_links":{"self":[{"href":"https:\/\/livet-project.eu\/lt\/wp-json\/wp\/v2\/pages\/1381","targetHints":{"allow":["GET"]}}],"collection":[{"href":"https:\/\/livet-project.eu\/lt\/wp-json\/wp\/v2\/pages"}],"about":[{"href":"https:\/\/livet-project.eu\/lt\/wp-json\/wp\/v2\/types\/page"}],"author":[{"embeddable":true,"href":"https:\/\/livet-project.eu\/lt\/wp-json\/wp\/v2\/users\/1"}],"replies":[{"embeddable":true,"href":"https:\/\/livet-project.eu\/lt\/wp-json\/wp\/v2\/comments?post=1381"}],"version-history":[{"count":2,"href":"https:\/\/livet-project.eu\/lt\/wp-json\/wp\/v2\/pages\/1381\/revisions"}],"predecessor-version":[{"id":1383,"href":"https:\/\/livet-project.eu\/lt\/wp-json\/wp\/v2\/pages\/1381\/revisions\/1383"}],"wp:attachment":[{"href":"https:\/\/livet-project.eu\/lt\/wp-json\/wp\/v2\/media?parent=1381"}],"curies":[{"name":"wp","href":"https:\/\/api.w.org\/{rel}","templated":true}]}}