{"id":1208,"date":"2023-11-08T16:59:36","date_gmt":"2023-11-08T16:59:36","guid":{"rendered":"https:\/\/livet-project.eu\/livet-projektas\/"},"modified":"2024-02-25T17:17:21","modified_gmt":"2024-02-25T17:17:21","slug":"livet-projektas","status":"publish","type":"page","link":"https:\/\/livet-project.eu\/lt\/livet-projektas\/","title":{"rendered":"LIVET Projektas"},"content":{"rendered":"<p>[et_pb_section fb_built=&#8221;1&#8243; custom_padding_last_edited=&#8221;on|phone&#8221; admin_label=&#8221;Hero&#8221; _builder_version=&#8221;4.23&#8243; _module_preset=&#8221;default&#8221; use_background_color_gradient=&#8221;on&#8221; background_color_gradient_stops=&#8221;rgba(0,0,0,0.7) 0%|rgba(0,0,0,0.6) 100%&#8221; background_color_gradient_overlays_image=&#8221;on&#8221; background_image=&#8221;https:\/\/livet-project.eu\/wp-content\/uploads\/2023\/10\/group-cows-cowshed-eating-hay-fodder-dairy-farm.jpg&#8221; custom_padding=&#8221;150px||140px||false|false&#8221; custom_padding_tablet=&#8221;120px||110px||false|false&#8221; custom_padding_phone=&#8221;70px||60px||false|false&#8221; locked=&#8221;off&#8221; global_colors_info=&#8221;{}&#8221;][et_pb_row _builder_version=&#8221;4.22.2&#8243; _module_preset=&#8221;default&#8221; global_colors_info=&#8221;{}&#8221;][et_pb_column type=&#8221;4_4&#8243; _builder_version=&#8221;4.22.2&#8243; _module_preset=&#8221;default&#8221; global_colors_info=&#8221;{}&#8221;][et_pb_heading title=&#8221;LIVET Projektas&#8221; _builder_version=&#8221;4.23.1&#8243; _module_preset=&#8221;default&#8221; title_font=&#8221;|700|||||||&#8221; title_text_align=&#8221;center&#8221; title_text_color=&#8221;#FFFFFF&#8221; title_font_size=&#8221;100px&#8221; custom_margin=&#8221;||-10px|||&#8221; global_colors_info=&#8221;{}&#8221;][\/et_pb_heading][et_pb_text _builder_version=&#8221;4.23.1&#8243; _module_preset=&#8221;default&#8221; text_text_color=&#8221;#FFFFFF&#8221; text_letter_spacing=&#8221;2px&#8221; text_orientation=&#8221;center&#8221; custom_margin=&#8221;||-3px|||&#8221; custom_padding=&#8221;30px||||false|false&#8221; locked=&#8221;off&#8221; global_colors_info=&#8221;{}&#8221;]Nor\u0117dami su\u017einoti daugiau apie projekt\u0105[\/et_pb_text][et_pb_button button_url=&#8221;https:\/\/livet-project.eu\/wp-content\/uploads\/2023\/11\/PRESENTAZIONE-livet-def.pdf&#8221; url_new_window=&#8221;on&#8221; button_text=&#8221;PARSISI\u0172STI PROJEKTO PRISTATYM\u0104&#8221; button_alignment=&#8221;center&#8221; _builder_version=&#8221;4.23.1&#8243; _module_preset=&#8221;default&#8221; background_layout=&#8221;dark&#8221; custom_margin=&#8221;20px||||false|false&#8221; custom_padding=&#8221;0px||||false|false&#8221; locked=&#8221;off&#8221; global_colors_info=&#8221;{}&#8221;][\/et_pb_button][\/et_pb_column][\/et_pb_row][\/et_pb_section][et_pb_section fb_built=&#8221;1&#8243; admin_label=&#8221;One Health&#8221; _builder_version=&#8221;4.22.2&#8243; _module_preset=&#8221;default&#8221; background_color=&#8221;RGBA(255,255,255,0)&#8221; use_background_color_gradient=&#8221;on&#8221; background_color_gradient_direction=&#8221;90deg&#8221; background_color_gradient_stops=&#8221;rgba(99,177,188,0.39) 0%|rgba(99,177,188,0) 98%&#8221; global_colors_info=&#8221;{}&#8221;][et_pb_row column_structure=&#8221;1_2,1_2&#8243; _builder_version=&#8221;4.22.2&#8243; _module_preset=&#8221;default&#8221; custom_margin=&#8221;||||false|false&#8221; custom_margin_tablet=&#8221;||||false|false&#8221; custom_margin_phone=&#8221;||40px||false|false&#8221; custom_margin_last_edited=&#8221;on|desktop&#8221; global_colors_info=&#8221;{}&#8221;][et_pb_column type=&#8221;1_2&#8243; _builder_version=&#8221;4.22.2&#8243; _module_preset=&#8221;default&#8221; global_colors_info=&#8221;{}&#8221;][et_pb_text _builder_version=&#8221;4.22.2&#8243; _module_preset=&#8221;default&#8221; text_font=&#8221;|700|on||||||&#8221; custom_margin=&#8221;||0px||false|false&#8221; custom_margin_tablet=&#8221;||0px||false|false&#8221; custom_margin_phone=&#8221;||0px||false|false&#8221; custom_margin_last_edited=&#8221;on|desktop&#8221; global_colors_info=&#8221;{}&#8221;]<\/p>\n<p>Vieningas, daugiadisciplininis po\u017ei\u016bris<\/p>\n<p>[\/et_pb_text][et_pb_text _builder_version=&#8221;4.23&#8243; _module_preset=&#8221;default&#8221; header_font_size=&#8221;80px&#8221; header_2_font=&#8221;|700|||||||&#8221; header_2_text_color=&#8221;#63b1bc&#8221; header_2_font_size=&#8221;80px&#8221; custom_margin=&#8221;0px||0px||false|false&#8221; custom_margin_tablet=&#8221;0px||0px||false|false&#8221; custom_margin_phone=&#8221;0px||0px||false|false&#8221; custom_margin_last_edited=&#8221;on|phone&#8221; custom_padding=&#8221;||||false|false&#8221; header_font_size_tablet=&#8221;80px&#8221; header_font_size_phone=&#8221;30px&#8221; header_font_size_last_edited=&#8221;on|phone&#8221; header_2_font_size_tablet=&#8221;80px&#8221; header_2_font_size_phone=&#8221;40px&#8221; header_2_font_size_last_edited=&#8221;on|desktop&#8221; global_colors_info=&#8221;{}&#8221;]<\/p>\n<h2>Viena sveikata<\/h2>\n<p>[\/et_pb_text][et_pb_accordion open_toggle_background_color=&#8221;RGBA(255,255,255,0)&#8221; closed_toggle_background_color=&#8221;RGBA(255,255,255,0)&#8221; _builder_version=&#8221;4.23&#8243; _module_preset=&#8221;default&#8221; custom_margin=&#8221;||||false|false&#8221; custom_padding=&#8221;||||false|false&#8221; global_colors_info=&#8221;{}&#8221;][et_pb_accordion_item title=&#8221;KAS TAI YRA VIENA SVEIKATA?&#8221; open=&#8221;on&#8221; open_toggle_text_color=&#8221;#4d4845&#8243; icon_color=&#8221;#4d4845&#8243; _builder_version=&#8221;4.23&#8243; _module_preset=&#8221;default&#8221; background_color=&#8221;RGBA(255,255,255,0)&#8221; background_enable_color=&#8221;on&#8221; custom_padding=&#8221;|||0px|false|false&#8221; border_width_all=&#8221;0px&#8221; border_width_bottom=&#8221;1px&#8221; border_color_bottom=&#8221;#4d4845&#8243; border_style_bottom=&#8221;dashed&#8221; global_colors_info=&#8221;{}&#8221; toggle_text_color=&#8221;#4d4845&#8243; toggle_font_size=&#8221;28px&#8221;]<\/p>\n<p>\u201eViena sveikata\u201c yra bendradarbiavimo metodas, remiamas Maisto ir \u017eem\u0117s \u016bkio organizacijos (FAO), Pasaulio gyv\u016bn\u0173 sveikatos organizacijos (WOAH) ir Pasaulio sveikatos organizacijos (PSO). Juo siekiama spr\u0119sti visuomen\u0117s sveikatos gr\u0117smes, kylan\u010dias d\u0117l gyv\u016bn\u0173, \u017emoni\u0173 ir aplinkos s\u0105veikos.<\/p>\n<p>[\/et_pb_accordion_item][et_pb_accordion_item title=&#8221;DABARTINIS KONTEKSTAS&#8221; icon_color=&#8221;#4d4845&#8243; _builder_version=&#8221;4.22.2&#8243; _module_preset=&#8221;default&#8221; background_color=&#8221;RGBA(255,255,255,0)&#8221; background_enable_color=&#8221;on&#8221; custom_margin=&#8221;||||false|false&#8221; custom_padding=&#8221;0px|||0px|false|false&#8221; border_width_all=&#8221;0px&#8221; border_width_bottom=&#8221;1px&#8221; border_color_bottom=&#8221;#4d4845&#8243; border_style_bottom=&#8221;dashed&#8221; global_colors_info=&#8221;{}&#8221; toggle_font_size=&#8221;26px&#8221; open=&#8221;off&#8221;]<\/p>\n<p>Gyvulininkyst\u0117s sektorius \u0161iandien susiduria su daugybe i\u0161\u0161\u016bki\u0173 &#8211; nuo augan\u010dios pasaulin\u0117s gyv\u016bnin\u0117s kilm\u0117s produkt\u0173 paklausos iki did\u0117jan\u010dio spaudimo \u016bkininkauti tvariai. Zoonozini\u0173 lig\u0173 atsiradimas &#8211; lig\u0173, kurias gyv\u016bnai perduoda \u017emon\u0117ms, toki\u0173 kaip COVID-19, atsiradimas, i\u0161ry\u0161kina gyvybi\u0161kai svarb\u0173 gyv\u016bn\u0173 ir \u017emoni\u0173 sveikatos ry\u0161\u012f. Integruoto po\u017ei\u016brio \u012fgyvendinimas gyvulininkyst\u0117je yra aktyvi toki\u0173 i\u0161\u0161\u016bki\u0173 ma\u017einimo strategija Juo atsi\u017evelgiama \u012f pagrindinius veiksnius, tokius kaip gyv\u016bn\u0173 sveikata ir gerov\u0117, maisto sauga ir aplinkos tvarumas, taip suma\u017einant rizik\u0105 ir u\u017etikrinant ilgalaik\u012f sektoriaus gyvybingum\u0105. \u0160is daugialypis metodas padeda laiku nustatyti ir valdyti galimas gr\u0117smes, optimizuoti i\u0161tekli\u0173 naudojim\u0105 ir skatinti atsakingos praktikos naudojim\u0105 pramon\u0117je.<\/p>\n<p>[\/et_pb_accordion_item][et_pb_accordion_item title=&#8221;INTEGRUOTAS PO\u017dI\u016aRIS \u017dEM\u0116S \u016aKYJE&#8221; icon_color=&#8221;#4d4845&#8243; _builder_version=&#8221;4.22.2&#8243; _module_preset=&#8221;default&#8221; background_color=&#8221;RGBA(255,255,255,0)&#8221; background_enable_color=&#8221;on&#8221; custom_padding=&#8221;0px|||0px|false|false&#8221; border_width_all=&#8221;0px&#8221; border_width_bottom=&#8221;1px&#8221; border_color_bottom=&#8221;#4d4845&#8243; border_style_bottom=&#8221;dashed&#8221; global_colors_info=&#8221;{}&#8221; toggle_font_size=&#8221;26px&#8221; open=&#8221;off&#8221;]Integruotas po\u017ei\u016bris \u012f \u017eem\u0117s \u016bk\u012f naudingas ne tik aplinkai ir visuomen\u0117s sveikatai, bet turi ir ai\u0161ki\u0173 ekonomini\u0173 prana\u0161um\u0173. Supaprastindami veiklas ir optimizuodami i\u0161tekli\u0173 paskirstym\u0105, \u016bkininkai gali pasiekti geresn\u012f derli\u0173 su ma\u017eesn\u0117mis s\u0105naudomis. D\u0117mesys tvariai praktikai gali atverti naujas rinkas ir pritraukti naujus vartotoj\u0173 segmentus, ie\u0161kan\u010dius atsakingai pagamint\u0173 preki\u0173. Integruotas po\u017ei\u016bris si\u016blo tvirtesn\u012f ir atsparesn\u012f verslo model\u012f, kuris gali prisitaikyti prie rinkos svyravim\u0173, reguliavimo priemoni\u0173 pasikeitimo ir kit\u0173 kylan\u010di\u0173 i\u0161\u0161\u016bki\u0173. Tai lemia tvaresn\u012f ir pelningesn\u012f \u017eem\u0117s \u016bkio sektori\u0173, galint\u012f u\u017etikrinti pragyvenimo \u0161altin\u012f ir prisid\u0117ti prie ekonomikos pl\u0117tros platesniu mastu.[\/et_pb_accordion_item][\/et_pb_accordion][\/et_pb_column][et_pb_column type=&#8221;1_2&#8243; _builder_version=&#8221;4.22.2&#8243; _module_preset=&#8221;default&#8221; global_colors_info=&#8221;{}&#8221;][et_pb_image src=&#8221;https:\/\/livet-project.eu\/wp-content\/uploads\/2023\/11\/one-health-infographic-1.png&#8221; alt=&#8221;One Health infographic&#8221; title_text=&#8221;one-health-infographic&#8221; _builder_version=&#8221;4.23&#8243; _module_preset=&#8221;default&#8221; border_radii=&#8221;on|10px|10px|10px|10px&#8221; global_colors_info=&#8221;{}&#8221;][\/et_pb_image][\/et_pb_column][\/et_pb_row][\/et_pb_section][et_pb_section fb_built=&#8221;1&#8243; admin_label=&#8221;Livet&#8221; _builder_version=&#8221;4.22.2&#8243; _module_preset=&#8221;default&#8221; background_color=&#8221;RGBA(255,255,255,0)&#8221; use_background_color_gradient=&#8221;on&#8221; background_color_gradient_direction=&#8221;90deg&#8221; background_color_gradient_stops=&#8221;rgba(241,184,40,0.22) 0%|rgba(241,184,40,0) 98%&#8221; global_colors_info=&#8221;{}&#8221;][et_pb_row column_structure=&#8221;1_2,1_2&#8243; _builder_version=&#8221;4.22.2&#8243; _module_preset=&#8221;default&#8221; custom_margin=&#8221;||40px||false|false&#8221; custom_margin_tablet=&#8221;||40px||false|false&#8221; custom_margin_phone=&#8221;||40px||false|false&#8221; custom_margin_last_edited=&#8221;on|desktop&#8221; global_colors_info=&#8221;{}&#8221;][et_pb_column type=&#8221;1_2&#8243; _builder_version=&#8221;4.22.2&#8243; _module_preset=&#8221;default&#8221; global_colors_info=&#8221;{}&#8221;][et_pb_image src=&#8221;https:\/\/livet-project.eu\/wp-content\/uploads\/2023\/10\/veterinary-lab-robe-standing-cowshed.jpg&#8221; alt=&#8221;veterinarian and cowshed&#8221; title_text=&#8221;veterinarian and cowshed&#8221; _builder_version=&#8221;4.23&#8243; _module_preset=&#8221;default&#8221; border_radii=&#8221;on|10px|10px|10px|10px&#8221; global_colors_info=&#8221;{}&#8221;][\/et_pb_image][et_pb_button button_text=&#8221;educational platform&#8221; button_alignment=&#8221;right&#8221; _builder_version=&#8221;4.23&#8243; _module_preset=&#8221;default&#8221; custom_button=&#8221;on&#8221; button_text_color=&#8221;#f1b828&#8243; button_bg_color=&#8221;#4d4845&#8243; button_border_width=&#8221;0px&#8221; button_font=&#8221;|||on|||||&#8221; button_use_icon=&#8221;off&#8221; global_colors_info=&#8221;{}&#8221;][\/et_pb_button][\/et_pb_column][et_pb_column type=&#8221;1_2&#8243; _builder_version=&#8221;4.22.2&#8243; _module_preset=&#8221;default&#8221; global_colors_info=&#8221;{}&#8221;][et_pb_text _builder_version=&#8221;4.22.2&#8243; _module_preset=&#8221;default&#8221; text_font=&#8221;|700|on||||||&#8221; custom_margin=&#8221;||0px||false|false&#8221; custom_margin_tablet=&#8221;||0px||false|false&#8221; custom_margin_phone=&#8221;||0px||false|false&#8221; custom_margin_last_edited=&#8221;on|desktop&#8221; global_colors_info=&#8221;{}&#8221;]<\/p>\n<p>Gyvulininkyst\u0117 ir Vienos sveikatos po\u017ei\u016bris<\/p>\n<p>[\/et_pb_text][et_pb_text _builder_version=&#8221;4.22.2&#8243; _module_preset=&#8221;default&#8221; header_font_size=&#8221;80px&#8221; header_2_font=&#8221;|700|||||||&#8221; header_2_text_color=&#8221;#f1b828&#8243; header_2_font_size=&#8221;80px&#8221; custom_margin=&#8221;0px||0px||false|false&#8221; custom_margin_tablet=&#8221;0px||0px||false|false&#8221; custom_margin_phone=&#8221;0px||0px||false|false&#8221; custom_margin_last_edited=&#8221;on|phone&#8221; custom_padding=&#8221;||||false|false&#8221; header_font_size_tablet=&#8221;80px&#8221; header_font_size_phone=&#8221;30px&#8221; header_font_size_last_edited=&#8221;on|phone&#8221; header_2_font_size_tablet=&#8221;80px&#8221; header_2_font_size_phone=&#8221;40px&#8221; header_2_font_size_last_edited=&#8221;on|desktop&#8221; global_colors_info=&#8221;{}&#8221;]<\/p>\n<h2>LIVET<\/h2>\n<p>[\/et_pb_text][et_pb_accordion open_toggle_background_color=&#8221;RGBA(255,255,255,0)&#8221; closed_toggle_background_color=&#8221;RGBA(255,255,255,0)&#8221; _builder_version=&#8221;4.23.1&#8243; _module_preset=&#8221;default&#8221; custom_margin=&#8221;||||false|false&#8221; custom_padding=&#8221;||||false|false&#8221; global_colors_info=&#8221;{}&#8221;][et_pb_accordion_item title=&#8221;DABARTINIS KONTEKSTAS&#8221; open=&#8221;on&#8221; open_toggle_text_color=&#8221;#4d4845&#8243; icon_color=&#8221;#4d4845&#8243; _builder_version=&#8221;4.22.2&#8243; _module_preset=&#8221;default&#8221; background_color=&#8221;RGBA(255,255,255,0)&#8221; background_enable_color=&#8221;on&#8221; custom_padding=&#8221;|||0px|false|false&#8221; border_width_all=&#8221;0px&#8221; border_width_bottom=&#8221;1px&#8221; border_color_bottom=&#8221;#4d4845&#8243; border_style_bottom=&#8221;dashed&#8221; global_colors_info=&#8221;{}&#8221; toggle_text_color=&#8221;#4d4845&#8243; toggle_font_size=&#8221;28px&#8221;]<\/p>\n<p>LIVET projekto tikslas \u2013 paspartinti \u201eVienos sveikatos\u201c koncepcijos integravim\u0105 \u012f profesinio mokymo sektori\u0173. Taip siekiama pagerinti gyv\u016bn\u0173 gerov\u0119, kovoti su endemin\u0117mis ir naujomis zoonoz\u0117mis bei suma\u017einti antimikrobini\u0173 med\u017eiag\u0173 naudojim\u0105 ir j\u0173 atsparum\u0105. \u012erodytas veiksmingumas akademin\u0117je bendruomen\u0117je ir moksliniuose tyrimuose, \u201eVienos sveikatos\u201c metodas dabar turi b\u016bti taikomas tiek profesinio mokymo, tiek ekonomikos sektoriuose.<br \/>\nTai paskatins inovacijas bendradarbiaujant auk\u0161tojo mokslo, profesinio mokymo ir mokymo bei platesn\u0117s socialin\u0117s ir ekonomin\u0117s aplinkos \u017eini\u0173 srautui.\n<\/p>\n<p>[\/et_pb_accordion_item][et_pb_accordion_item title=&#8221;MOKYMO PROGRAMA IR KURSAI&#8221; icon_color=&#8221;#4d4845&#8243; _builder_version=&#8221;4.22.2&#8243; _module_preset=&#8221;default&#8221; background_color=&#8221;RGBA(255,255,255,0)&#8221; background_enable_color=&#8221;on&#8221; custom_margin=&#8221;||||false|false&#8221; custom_padding=&#8221;0px|||0px|false|false&#8221; border_width_all=&#8221;0px&#8221; border_width_bottom=&#8221;1px&#8221; border_color_bottom=&#8221;#4d4845&#8243; border_style_bottom=&#8221;dashed&#8221; global_colors_info=&#8221;{}&#8221; toggle_font_size=&#8221;26px&#8221; open=&#8221;off&#8221;]<\/p>\n<p>LIVET siekia sukurti unikali\u0105 ir inovatyvi\u0105 profesinio mokymo program\u0105, kuri bus prad\u0117ta testuoti 2025 m. \u012e mokymo program\u0105 bus \u012ftrauktas i\u0161samus mokymosi med\u017eiagos rinkinys su politin\u0117mis rekomendacijomis, kaip integruoti \u201eVienos sveikatos\u201c metod\u0105 \u012f regioninius, nacionalinius ir Europos teis\u0117s aktus<\/p>\n<p>[\/et_pb_accordion_item][et_pb_accordion_item title=&#8221;MOKYMOSI GALIMYB\u0116S&#8221; icon_color=&#8221;#4d4845&#8243; _builder_version=&#8221;4.23.1&#8243; _module_preset=&#8221;default&#8221; background_color=&#8221;RGBA(255,255,255,0)&#8221; background_enable_color=&#8221;on&#8221; custom_padding=&#8221;0px|||0px|false|false&#8221; border_width_all=&#8221;0px&#8221; border_width_bottom=&#8221;1px&#8221; border_color_bottom=&#8221;#4d4845&#8243; border_style_bottom=&#8221;dashed&#8221; global_colors_info=&#8221;{}&#8221; toggle_font_size=&#8221;26px&#8221; open=&#8221;off&#8221;]1. 75 valand\u0173 trukm\u0117s internetiniai kursai, skirti Vienos sveikatos metodo taikymui Europos gyvulininkyst\u0117s sektoriuje.<br \/>\n2. Trys nacionaliniai specializuoti kursai apie gyv\u016bn\u0173 gerov\u0119, zoonozes ir antimikrobin\u012f naudojim\u0105 bei atsparum\u0105 antimikrobin\u0117ms med\u017eiagoms, kuriuos ves konsultantai, akademikai ir tarptautiniai ekspertai.<br \/>\n3. Vienos sveikatos ir integruoto rizikos valdymo rudens mokykla, \u012fsik\u016brusi Klu\u017ee-Napokoje, Rumunijoje<br \/>\n4. 150 valand\u0173 praktikos galimyb\u0119 nacionalin\u0117je ar Europos \u012fmon\u0117je.[\/et_pb_accordion_item][et_pb_accordion_item title=&#8221;TIKSLIN\u0116S GRUP\u0116S&#8221; icon_color=&#8221;#4d4845&#8243; _builder_version=&#8221;4.22.2&#8243; _module_preset=&#8221;default&#8221; background_color=&#8221;RGBA(255,255,255,0)&#8221; background_enable_color=&#8221;on&#8221; custom_padding=&#8221;0px|||0px|false|false&#8221; border_width_all=&#8221;0px&#8221; border_width_bottom=&#8221;1px&#8221; border_color_bottom=&#8221;#4d4845&#8243; border_style_bottom=&#8221;dashed&#8221; global_colors_info=&#8221;{}&#8221; toggle_font_size=&#8221;26px&#8221; open=&#8221;off&#8221;]Tikslin\u0117s grup\u0117s \u2013 profesinio \u017eem\u0117s \u016bkio mokymo \u012fstaig\u0173 absolventai, \u017eem\u0117s \u016bkio ar veterinarijos moksl\u0173 bakalauro studij\u0173 studentai, patar\u0117jai, konsultantai, technikai, gyvulininkyst\u0117s \u016bki\u0173 pri\u017ei\u016br\u0117tojai, \u016bki\u0173 vadovai. Prisijunkite prie m\u016bs\u0173, kuriant sveikesn\u0119 ir tvaresn\u0119 ateit\u012f visiems. Prisijunkite prie m\u016bs\u0173, kuriant sveikesn\u0119 ir tvaresn\u0119 ateit\u012f visiems. Registruokit\u0117s dabar, kad u\u017esitikrintum\u0117te viet\u0105 m\u016bs\u0173 kursuose ir sta\u017euo\u010di\u0173 programose.[\/et_pb_accordion_item][\/et_pb_accordion][et_pb_text _builder_version=&#8221;4.23.1&#8243; _dynamic_attributes=&#8221;link_option_url&#8221; _module_preset=&#8221;default&#8221; header_font=&#8221;||||||||&#8221; header_5_font=&#8221;|||on|||||&#8221; header_5_font_size=&#8221;26px&#8221; custom_padding=&#8221;||12px|||&#8221; link_option_url=&#8221;@ET-DC@eyJkeW5hbWljIjp0cnVlLCJjb250ZW50IjoicG9zdF9saW5rX3VybF9wYWdlIiwic2V0dGluZ3MiOnsicG9zdF9pZCI6IjU5OSIsImVuYWJsZV9odG1sIjoib2ZmIn19@&#8221; border_width_bottom=&#8221;1px&#8221; border_style_bottom=&#8221;dashed&#8221; global_colors_info=&#8221;{}&#8221;]<\/p>\n<h5>KONSORCIUMAS<\/h5>\n<p>[\/et_pb_text][et_pb_text _builder_version=&#8221;4.23.1&#8243; _dynamic_attributes=&#8221;link_option_url&#8221; _module_preset=&#8221;default&#8221; header_font=&#8221;||||||||&#8221; header_5_font=&#8221;|||on|||||&#8221; header_5_font_size=&#8221;26px&#8221; custom_padding=&#8221;||12px|||&#8221; link_option_url=&#8221;@ET-DC@eyJkeW5hbWljIjp0cnVlLCJjb250ZW50IjoicG9zdF9saW5rX3VybF9wYWdlIiwic2V0dGluZ3MiOnsicG9zdF9pZCI6IjczNSIsImVuYWJsZV9odG1sIjoib2ZmIn19@&#8221; border_width_bottom=&#8221;1px&#8221; border_style_bottom=&#8221;dashed&#8221; global_colors_info=&#8221;{}&#8221;]<\/p>\n<h5>DARBIN\u0116S VEIKLOS (PAKETAI)<\/h5>\n<p>[\/et_pb_text][\/et_pb_column][\/et_pb_row][\/et_pb_section]<\/p>\n","protected":false},"excerpt":{"rendered":"<p>Nor\u0117dami su\u017einoti daugiau apie projekt\u0105Vieningas, daugiadisciplininis po\u017ei\u016brisViena sveikata\u201eViena sveikata\u201c yra bendradarbiavimo metodas, remiamas Maisto ir \u017eem\u0117s \u016bkio organizacijos (FAO), Pasaulio gyv\u016bn\u0173 sveikatos organizacijos (WOAH) ir Pasaulio sveikatos organizacijos (PSO). Juo siekiama spr\u0119sti visuomen\u0117s sveikatos gr\u0117smes, kylan\u010dias d\u0117l gyv\u016bn\u0173, \u017emoni\u0173 ir aplinkos s\u0105veikos.Gyvulininkyst\u0117s sektorius \u0161iandien susiduria su daugybe i\u0161\u0161\u016bki\u0173 &#8211; nuo augan\u010dios pasaulin\u0117s gyv\u016bnin\u0117s kilm\u0117s produkt\u0173 [&hellip;]<\/p>\n","protected":false},"author":1,"featured_media":0,"parent":0,"menu_order":0,"comment_status":"closed","ping_status":"closed","template":"","meta":{"_acf_changed":false,"_et_pb_use_builder":"on","_et_pb_old_content":"","_et_gb_content_width":"","footnotes":""},"class_list":["post-1208","page","type-page","status-publish","hentry"],"acf":[],"_links":{"self":[{"href":"https:\/\/livet-project.eu\/lt\/wp-json\/wp\/v2\/pages\/1208","targetHints":{"allow":["GET"]}}],"collection":[{"href":"https:\/\/livet-project.eu\/lt\/wp-json\/wp\/v2\/pages"}],"about":[{"href":"https:\/\/livet-project.eu\/lt\/wp-json\/wp\/v2\/types\/page"}],"author":[{"embeddable":true,"href":"https:\/\/livet-project.eu\/lt\/wp-json\/wp\/v2\/users\/1"}],"replies":[{"embeddable":true,"href":"https:\/\/livet-project.eu\/lt\/wp-json\/wp\/v2\/comments?post=1208"}],"version-history":[{"count":15,"href":"https:\/\/livet-project.eu\/lt\/wp-json\/wp\/v2\/pages\/1208\/revisions"}],"predecessor-version":[{"id":1343,"href":"https:\/\/livet-project.eu\/lt\/wp-json\/wp\/v2\/pages\/1208\/revisions\/1343"}],"wp:attachment":[{"href":"https:\/\/livet-project.eu\/lt\/wp-json\/wp\/v2\/media?parent=1208"}],"curies":[{"name":"wp","href":"https:\/\/api.w.org\/{rel}","templated":true}]}}