{"id":1361,"date":"2023-11-08T16:45:45","date_gmt":"2023-11-08T16:45:45","guid":{"rendered":"https:\/\/livet-project.eu\/pacchetti-di-lavoro\/"},"modified":"2024-02-25T17:49:45","modified_gmt":"2024-02-25T17:49:45","slug":"pacchetti-di-lavoro","status":"publish","type":"page","link":"https:\/\/livet-project.eu\/it\/pacchetti-di-lavoro\/","title":{"rendered":"Pacchetti di lavoro"},"content":{"rendered":"<p>[et_pb_section fb_built=&#8221;1&#8243; custom_padding_last_edited=&#8221;on|phone&#8221; _builder_version=&#8221;4.23&#8243; _module_preset=&#8221;default&#8221; use_background_color_gradient=&#8221;on&#8221; background_color_gradient_stops=&#8221;rgba(0,0,0,0.7) 0%|rgba(0,0,0,0.6) 100%&#8221; background_color_gradient_overlays_image=&#8221;on&#8221; background_image=&#8221;https:\/\/livet-project.eu\/wp-content\/uploads\/2023\/10\/group-cows-cowshed-eating-hay-fodder-dairy-farm.jpg&#8221; custom_padding=&#8221;70px||92px||false|false&#8221; custom_padding_tablet=&#8221;110px||100px||false|false&#8221; custom_padding_phone=&#8221;70px||60px||false|false&#8221; locked=&#8221;off&#8221; global_colors_info=&#8221;{}&#8221;][et_pb_row _builder_version=&#8221;4.23&#8243; _module_preset=&#8221;default&#8221; global_colors_info=&#8221;{}&#8221;][et_pb_column type=&#8221;4_4&#8243; _builder_version=&#8221;4.23&#8243; _module_preset=&#8221;default&#8221; global_colors_info=&#8221;{}&#8221;][et_pb_text _builder_version=&#8221;4.23.1&#8243; _module_preset=&#8221;default&#8221; header_font=&#8221;|700|||||||&#8221; header_text_align=&#8221;center&#8221; header_text_color=&#8221;#FFFFFF&#8221; global_colors_info=&#8221;{}&#8221;]<\/p>\n<h1>Pacchetti di lavoro<\/h1>\n<p>[\/et_pb_text][\/et_pb_column][\/et_pb_row][\/et_pb_section][et_pb_section fb_built=&#8221;1&#8243; _builder_version=&#8221;4.23&#8243; _module_preset=&#8221;default&#8221; locked=&#8221;off&#8221; global_colors_info=&#8221;{}&#8221;][et_pb_row _builder_version=&#8221;4.23&#8243; _module_preset=&#8221;default&#8221; width=&#8221;60%&#8221; width_tablet=&#8221;90%&#8221; width_phone=&#8221;90%&#8221; width_last_edited=&#8221;on|desktop&#8221; global_colors_info=&#8221;{}&#8221;][et_pb_column type=&#8221;4_4&#8243; _builder_version=&#8221;4.23&#8243; _module_preset=&#8221;default&#8221; global_colors_info=&#8221;{}&#8221;][et_pb_accordion open_toggle_text_color=&#8221;#4d4845&#8243; open_toggle_background_color=&#8221;rgba(99,177,188,0.24)&#8221; closed_toggle_text_color=&#8221;#4d4845&#8243; closed_toggle_background_color=&#8221;RGBA(255,255,255,0)&#8221; icon_color=&#8221;#4d4845&#8243; _builder_version=&#8221;4.23.1&#8243; _module_preset=&#8221;default&#8221; toggle_text_color=&#8221;#4d4845&#8243; body_text_color=&#8221;#4d4845&#8243; custom_padding=&#8221;||||false|false&#8221; hover_enabled=&#8221;0&#8243; border_width_all=&#8221;0px&#8221; border_width_bottom=&#8221;1px&#8221; border_style_bottom=&#8221;dashed&#8221; global_colors_info=&#8221;{}&#8221; sticky_enabled=&#8221;0&#8243;][et_pb_accordion_item title=&#8221;Pacchetto di lavoro 1 &#8211; Definizione del profilo professionale&#8221; open=&#8221;on&#8221; _builder_version=&#8221;4.23.1&#8243; _module_preset=&#8221;default&#8221; custom_margin=&#8221;||||false|false&#8221; hover_enabled=&#8221;0&#8243; global_colors_info=&#8221;{}&#8221; sticky_enabled=&#8221;0&#8243;]<\/p>\n<p>Si focalizza sull&#8217;eseguire un&#8217;analisi approfondita delle esigenze professionali all&#8217;interno del settore zootecnico, affrontando sia le discrepanze di competenze che le offerte formative. Questo informer\u00e0 la creazione di un nuovo profilo professionale per un Consulente One Health, che includer\u00e0 descrizioni del lavoro, aspetti normativi e conoscenze e competenze richieste. Questo profilo sar\u00e0 in linea con gli standard internazionali e nazionali.<\/p>\n<p>[\/et_pb_accordion_item][et_pb_accordion_item title=&#8221;Pacchetto di lavoro 2 &#8211; Progettazione e sviluppo del curriculum e dei materiali formativi&#8221; _builder_version=&#8221;4.23.1&#8243; _module_preset=&#8221;default&#8221; hover_enabled=&#8221;0&#8243; global_colors_info=&#8221;{}&#8221; open=&#8221;off&#8221; sticky_enabled=&#8221;0&#8243;]<\/p>\n<p>Si concentra sulla creazione di un curriculum basato sui principi dell&#8217;ECVET. Il curriculum che avr\u00e0 carattere modulare e rifletter\u00e0 i risultati della ricerca, includer\u00e0 metodologie didattiche innovative, risorse digitali e soluzioni virtuali per migliorare il trasferimento di conoscenze. Integrer\u00e0 i feedback degli stakeholder per garantire la rilevanza sul mercato del lavoro.<\/p>\n<p>[\/et_pb_accordion_item][et_pb_accordion_item title=&#8221;Pacchetto di lavoro 3 &#8211; Sperimentazione, validazione e valutazione ex-post&#8221; _builder_version=&#8221;4.23.1&#8243; _module_preset=&#8221;default&#8221; hover_enabled=&#8221;0&#8243; global_colors_info=&#8221;{}&#8221; open=&#8221;off&#8221; sticky_enabled=&#8221;0&#8243;]<\/p>\n<p>\u00e8 dedicato all&#8217;applicazione pratica del curriculum VET sviluppato al livello EQF 5. Seguir\u00e0 un approccio modulare integrando competenze di base con applicazioni reali attraverso corsi specializzati e apprendimento integrato al lavoro. Il feedback verr\u00e0 raccolto sistematicamente ad ogni fase per monitorare ed valutare l&#8217;efficacia della formazione.<\/p>\n<p>[\/et_pb_accordion_item][et_pb_accordion_item title=&#8221;Pacchetto di lavoro 4 &#8211; Impatto, diffusione e sfruttamento dei risultati&#8221; _builder_version=&#8221;4.23.1&#8243; _module_preset=&#8221;default&#8221; hover_enabled=&#8221;0&#8243; global_colors_info=&#8221;{}&#8221; open=&#8221;off&#8221; sticky_enabled=&#8221;0&#8243;]<\/p>\n<p>Ha lo scopo di coinvolgere attori del mercato del lavoro, stakeholder e fornitori di istruzione inizialmente non partecipanti al progetto. Si focalizzer\u00e0 sulla diffusione dei risultati e sfrutter\u00e0 le raccomandazioni sulle policy indicate per sostenere l&#8217;integrazione dell&#8217;approccio One Health nel settore VET.<\/p>\n<p>[\/et_pb_accordion_item][et_pb_accordion_item title=&#8221;Pacchetto di lavoro 5 &#8211; Coordinamento del consorzio e gestione del progetto&#8221; _builder_version=&#8221;4.23.1&#8243; _module_preset=&#8221;default&#8221; hover_enabled=&#8221;0&#8243; global_colors_info=&#8221;{}&#8221; open=&#8221;off&#8221; sticky_enabled=&#8221;0&#8243;]<\/p>\n<p>garantisce l&#8217;allineamento del progetto con i suoi obiettivi, deliverable, tempi e budget. Include la gestione del rischio, le attivit\u00e0 amministrative, la supervisione del budget e la gestione del progetto. Regolari interazioni con gli stakeholder dell&#8217;ecosistema AKIS saranno fondamentali per la valutazione della qualit\u00e0 e il feedback sui risultati del progetto.<\/p>\n<p>[\/et_pb_accordion_item][\/et_pb_accordion][\/et_pb_column][\/et_pb_row][\/et_pb_section]<\/p>\n","protected":false},"excerpt":{"rendered":"<p>Pacchetti di lavoroSi focalizza sull&#8217;eseguire un&#8217;analisi approfondita delle esigenze professionali all&#8217;interno del settore zootecnico, affrontando sia le discrepanze di competenze che le offerte formative. Questo informer\u00e0 la creazione di un nuovo profilo professionale per un Consulente One Health, che includer\u00e0 descrizioni del lavoro, aspetti normativi e conoscenze e competenze richieste. Questo profilo sar\u00e0 in linea [&hellip;]<\/p>\n","protected":false},"author":1,"featured_media":0,"parent":0,"menu_order":0,"comment_status":"closed","ping_status":"closed","template":"","meta":{"_acf_changed":false,"_et_pb_use_builder":"on","_et_pb_old_content":"","_et_gb_content_width":"","footnotes":""},"class_list":["post-1361","page","type-page","status-publish","hentry"],"acf":[],"_links":{"self":[{"href":"https:\/\/livet-project.eu\/it\/wp-json\/wp\/v2\/pages\/1361","targetHints":{"allow":["GET"]}}],"collection":[{"href":"https:\/\/livet-project.eu\/it\/wp-json\/wp\/v2\/pages"}],"about":[{"href":"https:\/\/livet-project.eu\/it\/wp-json\/wp\/v2\/types\/page"}],"author":[{"embeddable":true,"href":"https:\/\/livet-project.eu\/it\/wp-json\/wp\/v2\/users\/1"}],"replies":[{"embeddable":true,"href":"https:\/\/livet-project.eu\/it\/wp-json\/wp\/v2\/comments?post=1361"}],"version-history":[{"count":2,"href":"https:\/\/livet-project.eu\/it\/wp-json\/wp\/v2\/pages\/1361\/revisions"}],"predecessor-version":[{"id":1363,"href":"https:\/\/livet-project.eu\/it\/wp-json\/wp\/v2\/pages\/1361\/revisions\/1363"}],"wp:attachment":[{"href":"https:\/\/livet-project.eu\/it\/wp-json\/wp\/v2\/media?parent=1361"}],"curies":[{"name":"wp","href":"https:\/\/api.w.org\/{rel}","templated":true}]}}