{"id":1136,"date":"2023-10-22T10:39:15","date_gmt":"2023-10-22T09:39:15","guid":{"rendered":"https:\/\/livet-project.eu\/home\/"},"modified":"2024-04-04T17:25:53","modified_gmt":"2024-04-04T16:25:53","slug":"home","status":"publish","type":"page","link":"https:\/\/livet-project.eu\/it\/","title":{"rendered":"Home"},"content":{"rendered":"<p>[et_pb_section fb_built=&#8221;1&#8243; custom_padding_last_edited=&#8221;on|phone&#8221; admin_label=&#8221;Hero&#8221; _builder_version=&#8221;4.23&#8243; _module_preset=&#8221;default&#8221; use_background_color_gradient=&#8221;on&#8221; background_color_gradient_stops=&#8221;rgba(0,0,0,0.7) 0%|rgba(0,0,0,0.6) 100%&#8221; background_color_gradient_overlays_image=&#8221;on&#8221; background_image=&#8221;https:\/\/livet-project.eu\/wp-content\/uploads\/2023\/10\/group-cows-cowshed-eating-hay-fodder-dairy-farm.jpg&#8221; custom_padding=&#8221;150px||140px||false|false&#8221; custom_padding_tablet=&#8221;120px||110px||false|false&#8221; custom_padding_phone=&#8221;70px||60px||false|false&#8221; global_colors_info=&#8221;{}&#8221;][et_pb_row _builder_version=&#8221;4.22.2&#8243; _module_preset=&#8221;default&#8221; global_colors_info=&#8221;{}&#8221;][et_pb_column type=&#8221;4_4&#8243; _builder_version=&#8221;4.22.2&#8243; _module_preset=&#8221;default&#8221; global_colors_info=&#8221;{}&#8221;][et_pb_heading title=&#8221;LIVET&#8221; _builder_version=&#8221;4.22.2&#8243; _module_preset=&#8221;default&#8221; title_font=&#8221;|700|||||||&#8221; title_text_align=&#8221;center&#8221; title_text_color=&#8221;#FFFFFF&#8221; title_font_size=&#8221;100px&#8221; custom_margin=&#8221;||-10px|||&#8221; global_colors_info=&#8221;{}&#8221;][\/et_pb_heading][et_pb_text _builder_version=&#8221;4.23.1&#8243; _module_preset=&#8221;default&#8221; text_text_color=&#8221;#FFFFFF&#8221; text_letter_spacing=&#8221;2px&#8221; text_orientation=&#8221;center&#8221; global_colors_info=&#8221;{}&#8221;]<\/p>\n<p>Allevamento del bestiame e approccio &#8220;One Health&#8221;<\/p>\n<p>[\/et_pb_text][\/et_pb_column][\/et_pb_row][\/et_pb_section][et_pb_section fb_built=&#8221;1&#8243; admin_label=&#8221;Logo and Slogan&#8221; _builder_version=&#8221;4.22.2&#8243; _module_preset=&#8221;default&#8221; global_colors_info=&#8221;{}&#8221;][et_pb_row column_structure=&#8221;1_2,1_2&#8243; _builder_version=&#8221;4.23&#8243; _module_preset=&#8221;default&#8221; width=&#8221;60%&#8221; width_tablet=&#8221;80%&#8221; width_phone=&#8221;90%&#8221; width_last_edited=&#8221;on|desktop&#8221; global_colors_info=&#8221;{}&#8221;][et_pb_column type=&#8221;1_2&#8243; _builder_version=&#8221;4.22.2&#8243; _module_preset=&#8221;default&#8221; global_colors_info=&#8221;{}&#8221;][et_pb_image src=&#8221;https:\/\/livet-project.eu\/wp-content\/uploads\/2023\/10\/logo-LIVET-1.png&#8221; alt=&#8221;LIVET &#8211; Allevamento del bestiame e approccio &quot;One Health&quot;&#8221; title_text=&#8221;LIVET &#8211; Allevamento del bestiame e approccio &quot;One Health&quot;&#8221; align_tablet=&#8221;center&#8221; align_phone=&#8221;center&#8221; align_last_edited=&#8221;on|desktop&#8221; _builder_version=&#8221;4.23&#8243; _module_preset=&#8221;default&#8221; max_width=&#8221;400px&#8221; global_colors_info=&#8221;{}&#8221;][\/et_pb_image][\/et_pb_column][et_pb_column type=&#8221;1_2&#8243; _builder_version=&#8221;4.22.2&#8243; _module_preset=&#8221;default&#8221; global_colors_info=&#8221;{}&#8221;][et_pb_text _builder_version=&#8221;4.22.2&#8243; _module_preset=&#8221;default&#8221; text_font_size=&#8221;30px&#8221; text_line_height=&#8221;1.65em&#8221; text_orientation=&#8221;center&#8221; custom_margin=&#8221;140px||||false|false&#8221; custom_margin_tablet=&#8221;0px||||false|false&#8221; custom_margin_phone=&#8221;0px||||false|false&#8221; custom_margin_last_edited=&#8221;on|desktop&#8221; text_font_size_tablet=&#8221;30px&#8221; text_font_size_phone=&#8221;20px&#8221; text_font_size_last_edited=&#8221;on|desktop&#8221; global_colors_info=&#8221;{}&#8221;]<\/p>\n<p>Mettere in pratica il benessere animale secondo i principi di One Health, la prevenzione delle zoonosi e l&#8217;uso responsabile degli antimicrobici per una comunit\u00e0 agricola pi\u00f9 sostenibile.<\/p>\n<p>[\/et_pb_text][\/et_pb_column][\/et_pb_row][\/et_pb_section][et_pb_section fb_built=&#8221;1&#8243; admin_label=&#8221;One Health&#8221; _builder_version=&#8221;4.22.2&#8243; _module_preset=&#8221;default&#8221; background_color=&#8221;RGBA(255,255,255,0)&#8221; use_background_color_gradient=&#8221;on&#8221; background_color_gradient_direction=&#8221;90deg&#8221; background_color_gradient_stops=&#8221;rgba(99,177,188,0.39) 0%|rgba(99,177,188,0) 98%&#8221; global_colors_info=&#8221;{}&#8221;][et_pb_row column_structure=&#8221;1_2,1_2&#8243; _builder_version=&#8221;4.22.2&#8243; _module_preset=&#8221;default&#8221; custom_margin=&#8221;||||false|false&#8221; custom_margin_tablet=&#8221;||||false|false&#8221; custom_margin_phone=&#8221;||40px||false|false&#8221; custom_margin_last_edited=&#8221;on|desktop&#8221; global_colors_info=&#8221;{}&#8221;][et_pb_column type=&#8221;1_2&#8243; _builder_version=&#8221;4.22.2&#8243; _module_preset=&#8221;default&#8221; global_colors_info=&#8221;{}&#8221;][et_pb_text _builder_version=&#8221;4.22.2&#8243; _module_preset=&#8221;default&#8221; text_font=&#8221;|700|on||||||&#8221; custom_margin=&#8221;||0px||false|false&#8221; custom_margin_tablet=&#8221;||0px||false|false&#8221; custom_margin_phone=&#8221;||0px||false|false&#8221; custom_margin_last_edited=&#8221;on|desktop&#8221; global_colors_info=&#8221;{}&#8221;]<\/p>\n<p>Un approccio unificato e multidisciplinare<\/p>\n<p>[\/et_pb_text][et_pb_text _builder_version=&#8221;4.23&#8243; _module_preset=&#8221;default&#8221; header_font_size=&#8221;80px&#8221; header_2_font=&#8221;|700|||||||&#8221; header_2_text_color=&#8221;#63b1bc&#8221; header_2_font_size=&#8221;80px&#8221; custom_margin=&#8221;0px||0px||false|false&#8221; custom_margin_tablet=&#8221;0px||0px||false|false&#8221; custom_margin_phone=&#8221;0px||0px||false|false&#8221; custom_margin_last_edited=&#8221;on|phone&#8221; custom_padding=&#8221;||||false|false&#8221; header_font_size_tablet=&#8221;80px&#8221; header_font_size_phone=&#8221;30px&#8221; header_font_size_last_edited=&#8221;on|phone&#8221; header_2_font_size_tablet=&#8221;80px&#8221; header_2_font_size_phone=&#8221;40px&#8221; header_2_font_size_last_edited=&#8221;on|desktop&#8221; global_colors_info=&#8221;{}&#8221;]<\/p>\n<h2>One Health<\/h2>\n<p>[\/et_pb_text][et_pb_accordion open_toggle_background_color=&#8221;RGBA(255,255,255,0)&#8221; closed_toggle_background_color=&#8221;RGBA(255,255,255,0)&#8221; _builder_version=&#8221;4.23.1&#8243; _module_preset=&#8221;default&#8221; custom_margin=&#8221;||||false|false&#8221; custom_padding=&#8221;||||false|false&#8221; global_colors_info=&#8221;{}&#8221;][et_pb_accordion_item title=&#8221;COSA \u00c8 ONE HEALTH?&#8221; open=&#8221;on&#8221; open_toggle_text_color=&#8221;#4d4845&#8243; icon_color=&#8221;#4d4845&#8243; _builder_version=&#8221;4.23&#8243; _module_preset=&#8221;default&#8221; background_color=&#8221;RGBA(255,255,255,0)&#8221; background_enable_color=&#8221;on&#8221; custom_padding=&#8221;|||0px|false|false&#8221; border_width_all=&#8221;0px&#8221; border_width_bottom=&#8221;1px&#8221; border_color_bottom=&#8221;#4d4845&#8243; border_style_bottom=&#8221;dashed&#8221; global_colors_info=&#8221;{}&#8221; toggle_text_color=&#8221;#4d4845&#8243; toggle_font_size=&#8221;28px&#8221;]<\/p>\n<p>One Health \u00e8 un approccio collaborativo supportato dall&#8217;Organizzazione delle Nazioni Unite per l&#8217;Alimentazione e l&#8217;Agricoltura (FAO), l&#8217;Organizzazione Mondiale della Sanit\u00e0 Animale (OIE), e l&#8217;Organizzazione Mondiale della Sanit\u00e0 (OMS). Si propone di affrontare le minacce alla salute pubblica che originano dalle interazioni tra animali, esseri umani e l&#8217;ambiente.<\/p>\n<p>[\/et_pb_accordion_item][et_pb_accordion_item title=&#8221;CONTESTO ATTUALE&#8221; icon_color=&#8221;#4d4845&#8243; _builder_version=&#8221;4.22.2&#8243; _module_preset=&#8221;default&#8221; background_color=&#8221;RGBA(255,255,255,0)&#8221; background_enable_color=&#8221;on&#8221; custom_margin=&#8221;||||false|false&#8221; custom_padding=&#8221;0px|||0px|false|false&#8221; border_width_all=&#8221;0px&#8221; border_width_bottom=&#8221;1px&#8221; border_color_bottom=&#8221;#4d4845&#8243; border_style_bottom=&#8221;dashed&#8221; global_colors_info=&#8221;{}&#8221; toggle_font_size=&#8221;26px&#8221; open=&#8221;off&#8221;]<\/p>\n<p>Il settore zootecnico si trova di fronte a numerose sfide oggi, che vanno dalla crescente domanda globale di prodotti animali alle pressioni sempre maggiori per pratiche sostenibili. L&#8217;emergere di malattie zoonotiche &#8211; malattie trasmissibili dagli animali agli esseri umani &#8211; come ad esempio il COVID-19, mette in luce il collegamento vitale tra la salute animale e umana. Implementare un approccio integrato nell&#8217;allevamento del bestiame funge da strategia proattiva per mitigare tali sfide. Affronta fattori chiave come la salute e il benessere animale, la sicurezza alimentare e la sostenibilit\u00e0 ambientale, riducendo cos\u00ec i rischi e assicurando la sostenibilit\u00e0 a lungo termine del settore. Questo approccio poliedrico contribuisce all&#8217;identificazione tempestiva e nella gestione dei potenziali pericoli, ottimizzando l&#8217;uso delle risorse e promuovendo pratiche responsabili all&#8217;interno del settore.<\/p>\n<p>[\/et_pb_accordion_item][et_pb_accordion_item title=&#8221;APPROCCIO INTEGRATO NELLA AGRICOLTURA&#8221; icon_color=&#8221;#4d4845&#8243; _builder_version=&#8221;4.22.2&#8243; _module_preset=&#8221;default&#8221; background_color=&#8221;RGBA(255,255,255,0)&#8221; background_enable_color=&#8221;on&#8221; custom_padding=&#8221;0px|||0px|false|false&#8221; border_width_all=&#8221;0px&#8221; border_width_bottom=&#8221;1px&#8221; border_color_bottom=&#8221;#4d4845&#8243; border_style_bottom=&#8221;dashed&#8221; global_colors_info=&#8221;{}&#8221; toggle_font_size=&#8221;26px&#8221; open=&#8221;off&#8221;]Un approccio integrato nell&#8217;agricoltura non beneficia solo l&#8217;ambiente e la salute pubblica, ma produce anche vantaggi economici. Ottimizzando le operazioni e la distribuzione delle risorse, gli agricoltori possono ottenere risultati migliori a costi inferiori. L&#8217;attenzione alle pratiche sostenibili pu\u00f2 aprire nuovi mercati e attrarre segmenti di consumatori alla ricerca di prodotti realizzati in modo responsabile. Un approccio integrato offre un modello aziendale pi\u00f9 robusto e resistente che pu\u00f2 adattarsi alle fluttuazioni del mercato, ai cambiamenti normativi e alle sfide emergenti. Ci\u00f2 si traduce in un settore agricolo pi\u00f9 sostenibile e redditizio, in grado di sostenere i mezzi di sussistenza e contribuire allo sviluppo economico su una scala pi\u00f9 ampia.[\/et_pb_accordion_item][\/et_pb_accordion][\/et_pb_column][et_pb_column type=&#8221;1_2&#8243; _builder_version=&#8221;4.22.2&#8243; _module_preset=&#8221;default&#8221; global_colors_info=&#8221;{}&#8221;][et_pb_image src=&#8221;https:\/\/livet-project.eu\/wp-content\/uploads\/2023\/11\/one-health-infographic-1.png&#8221; alt=&#8221;Infografica One Health&#8221; title_text=&#8221;one-health-infografica&#8221; _builder_version=&#8221;4.23&#8243; _module_preset=&#8221;default&#8221; border_radii=&#8221;on|10px|10px|10px|10px&#8221; global_colors_info=&#8221;{}&#8221;][\/et_pb_image][\/et_pb_column][\/et_pb_row][\/et_pb_section][et_pb_section fb_built=&#8221;1&#8243; admin_label=&#8221;Livet&#8221; _builder_version=&#8221;4.22.2&#8243; _module_preset=&#8221;default&#8221; background_color=&#8221;RGBA(255,255,255,0)&#8221; use_background_color_gradient=&#8221;on&#8221; background_color_gradient_direction=&#8221;90deg&#8221; background_color_gradient_stops=&#8221;rgba(241,184,40,0.22) 0%|rgba(241,184,40,0) 98%&#8221; global_colors_info=&#8221;{}&#8221;][et_pb_row column_structure=&#8221;1_2,1_2&#8243; _builder_version=&#8221;4.22.2&#8243; _module_preset=&#8221;default&#8221; custom_margin=&#8221;||40px||false|false&#8221; custom_margin_tablet=&#8221;||40px||false|false&#8221; custom_margin_phone=&#8221;||40px||false|false&#8221; custom_margin_last_edited=&#8221;on|desktop&#8221; global_colors_info=&#8221;{}&#8221;][et_pb_column type=&#8221;1_2&#8243; _builder_version=&#8221;4.22.2&#8243; _module_preset=&#8221;default&#8221; global_colors_info=&#8221;{}&#8221;][et_pb_image src=&#8221;https:\/\/livet-project.eu\/wp-content\/uploads\/2023\/10\/veterinary-lab-robe-standing-cowshed.jpg&#8221; alt=&#8221;veterinario e stalla&#8221; title_text=&#8221;veterinario e stalla&#8221; _builder_version=&#8221;4.23&#8243; _module_preset=&#8221;default&#8221; border_radii=&#8221;on|10px|10px|10px|10px&#8221; global_colors_info=&#8221;{}&#8221;][\/et_pb_image][et_pb_button button_text=&#8221;piattaforma educativa&#8221; button_alignment=&#8221;right&#8221; _builder_version=&#8221;4.23&#8243; _module_preset=&#8221;default&#8221; custom_button=&#8221;on&#8221; button_text_color=&#8221;#f1b828&#8243; button_bg_color=&#8221;#4d4845&#8243; button_border_width=&#8221;0px&#8221; button_font=&#8221;|||on|||||&#8221; button_use_icon=&#8221;off&#8221; global_colors_info=&#8221;{}&#8221;][\/et_pb_button][\/et_pb_column][et_pb_column type=&#8221;1_2&#8243; _builder_version=&#8221;4.22.2&#8243; _module_preset=&#8221;default&#8221; global_colors_info=&#8221;{}&#8221;][et_pb_text _builder_version=&#8221;4.22.2&#8243; _module_preset=&#8221;default&#8221; text_font=&#8221;|700|on||||||&#8221; custom_margin=&#8221;||0px||false|false&#8221; custom_margin_tablet=&#8221;||0px||false|false&#8221; custom_margin_phone=&#8221;||0px||false|false&#8221; custom_margin_last_edited=&#8221;on|desktop&#8221; global_colors_info=&#8221;{}&#8221;]<\/p>\n<p>Allevamento del bestiame e approccio &#8220;One Health&#8221;<\/p>\n<p>[\/et_pb_text][et_pb_text _builder_version=&#8221;4.22.2&#8243; _module_preset=&#8221;default&#8221; header_font_size=&#8221;80px&#8221; header_2_font=&#8221;|700|||||||&#8221; header_2_text_color=&#8221;#f1b828&#8243; header_2_font_size=&#8221;80px&#8221; custom_margin=&#8221;0px||0px||false|false&#8221; custom_margin_tablet=&#8221;0px||0px||false|false&#8221; custom_margin_phone=&#8221;0px||0px||false|false&#8221; custom_margin_last_edited=&#8221;on|phone&#8221; custom_padding=&#8221;||||false|false&#8221; header_font_size_tablet=&#8221;80px&#8221; header_font_size_phone=&#8221;30px&#8221; header_font_size_last_edited=&#8221;on|phone&#8221; header_2_font_size_tablet=&#8221;80px&#8221; header_2_font_size_phone=&#8221;40px&#8221; header_2_font_size_last_edited=&#8221;on|desktop&#8221; global_colors_info=&#8221;{}&#8221;]<\/p>\n<h2>LIVET<\/h2>\n<p>[\/et_pb_text][et_pb_accordion open_toggle_background_color=&#8221;RGBA(255,255,255,0)&#8221; closed_toggle_background_color=&#8221;RGBA(255,255,255,0)&#8221; _builder_version=&#8221;4.23.1&#8243; _module_preset=&#8221;default&#8221; custom_margin=&#8221;||||false|false&#8221; custom_padding=&#8221;||||false|false&#8221; global_colors_info=&#8221;{}&#8221;][et_pb_accordion_item title=&#8221;OBIETTIVI&#8221; open=&#8221;on&#8221; open_toggle_text_color=&#8221;#4d4845&#8243; icon_color=&#8221;#4d4845&#8243; _builder_version=&#8221;4.23.1&#8243; _module_preset=&#8221;default&#8221; background_color=&#8221;RGBA(255,255,255,0)&#8221; background_enable_color=&#8221;on&#8221; custom_padding=&#8221;|||0px|false|false&#8221; border_width_all=&#8221;0px&#8221; border_width_bottom=&#8221;1px&#8221; border_color_bottom=&#8221;#4d4845&#8243; border_style_bottom=&#8221;dashed&#8221; global_colors_info=&#8221;{}&#8221; toggle_text_color=&#8221;#4d4845&#8243; toggle_font_size=&#8221;28px&#8221;]<\/p>\n<p>L&#8217;obiettivo del progetto LIVET \u00e8 quello di promuovere l&#8217;integrazione dell&#8217;approccio &#8220;One Health&#8221; all&#8217;interno del settore dell&#8217;istruzione e della formazione professionale (VET). Questo mira a potenziare il benessere animale, contrastare sia le zoonosi endemiche che quelle emergenti e ridurre l&#8217;uso e la resistenza agli antimicrobici. Avendo dimostrato la sua efficacia in ambito accademico e di ricerca, l&#8217;approccio &#8220;One Health&#8221; deve ora essere applicato sia al settore VET che a quello economico.<br \/>Ci\u00f2 stimoler\u00e0 l&#8217;innovazione attraverso il flusso cooperativo di conoscenze tra l&#8217;istruzione superiore, l&#8217;istruzione e la formazione professionale e il pi\u00f9 ampio contesto socio-economico.<\/p>\n<p>[\/et_pb_accordion_item][et_pb_accordion_item title=&#8221;PERCORSO DI STUDIO E PROGRAMMA&#8221; icon_color=&#8221;#4d4845&#8243; _builder_version=&#8221;4.22.2&#8243; _module_preset=&#8221;default&#8221; background_color=&#8221;RGBA(255,255,255,0)&#8221; background_enable_color=&#8221;on&#8221; custom_margin=&#8221;||||false|false&#8221; custom_padding=&#8221;0px|||0px|false|false&#8221; border_width_all=&#8221;0px&#8221; border_width_bottom=&#8221;1px&#8221; border_color_bottom=&#8221;#4d4845&#8243; border_style_bottom=&#8221;dashed&#8221; global_colors_info=&#8221;{}&#8221; toggle_font_size=&#8221;26px&#8221; open=&#8221;off&#8221;]<\/p>\n<p>L&#8217;obiettivo di LIVET \u00e8 creare un curriculum di istruzione e formazione professionale (VET) unico e innovativo, con i primi test pilota previsti per il 2025. Il curriculum comprender\u00e0 un set completo di materiali didattici insieme a raccomandazioni per l&#8217;integrazione dell&#8217;approccio &#8220;One Health&#8221; nelle normative regionali, nazionali ed europee.<\/p>\n<p>[\/et_pb_accordion_item][et_pb_accordion_item title=&#8221;OPPORTUNIT\u00c0 DI APPRENDIMENTO&#8221; icon_color=&#8221;#4d4845&#8243; _builder_version=&#8221;4.23.1&#8243; _module_preset=&#8221;default&#8221; background_color=&#8221;RGBA(255,255,255,0)&#8221; background_enable_color=&#8221;on&#8221; custom_padding=&#8221;0px|||0px|false|false&#8221; border_width_all=&#8221;0px&#8221; border_width_bottom=&#8221;1px&#8221; border_color_bottom=&#8221;#4d4845&#8243; border_style_bottom=&#8221;dashed&#8221; global_colors_info=&#8221;{}&#8221; toggle_font_size=&#8221;26px&#8221; open=&#8221;off&#8221;]1. Un corso online di 75 ore incentrato sull&#8217;adozione dell&#8217;approccio &#8220;One Health&#8221; all&#8217;interno del settore zootecnico europeo.<br \/>\n2. Tre corsi di specializzazione nazionali su Benessere Animale, Zoonosi e Uso e Resistenza agli Antimicrobici, seguiti da servizi di consulenza agricola, ricercatori accademici ed esperti internazionali.<br \/>\n3. Una Scuola Autunnale su &#8220;One Health&#8221; e Gestione Integrata dei Rischi, a Cluj-Napoca, in Romania.<br \/>\n4. Un&#8217;opportunit\u00e0 di stage di 150 ore in un&#8217;azienda nazionale o europea.[\/et_pb_accordion_item][et_pb_accordion_item title=&#8221;GRUPPI TARGET&#8221; icon_color=&#8221;#4d4845&#8243; _builder_version=&#8221;4.22.2&#8243; _module_preset=&#8221;default&#8221; background_color=&#8221;RGBA(255,255,255,0)&#8221; background_enable_color=&#8221;on&#8221; custom_padding=&#8221;0px|||0px|false|false&#8221; border_width_all=&#8221;0px&#8221; border_width_bottom=&#8221;1px&#8221; border_color_bottom=&#8221;#4d4845&#8243; border_style_bottom=&#8221;dashed&#8221; global_colors_info=&#8221;{}&#8221; toggle_font_size=&#8221;26px&#8221; open=&#8221;off&#8221;]I gruppi target includono laureati di istituti di istruzione e formazione tecnica agricola, studenti universitari di agricoltura o medicina veterinaria, consulenti, tecnici, supervisori di allevamenti, e lavoratori specializzati nel settore zootecnico con ruoli di gestione. Unisciti a noi per plasmare un futuro pi\u00f9 sano e sostenibile per tutti. Registrati ora per garantirti un posto nei nostri corsi e programmi di stage.[\/et_pb_accordion_item][\/et_pb_accordion][et_pb_text _builder_version=&#8221;4.23.1&#8243; _dynamic_attributes=&#8221;link_option_url&#8221; _module_preset=&#8221;default&#8221; header_font=&#8221;||||||||&#8221; header_5_font=&#8221;|||on|||||&#8221; header_5_font_size=&#8221;26px&#8221; custom_padding=&#8221;||12px|||&#8221; link_option_url=&#8221;@ET-DC@eyJkeW5hbWljIjp0cnVlLCJjb250ZW50IjoicG9zdF9saW5rX3VybF9wYWdlIiwic2V0dGluZ3MiOnsicG9zdF9pZCI6IjU5OSIsImVuYWJsZV9odG1sIjoib2ZmIn19@&#8221; border_width_bottom=&#8221;1px&#8221; border_style_bottom=&#8221;dashed&#8221; global_colors_info=&#8221;{}&#8221;]<\/p>\n<h5>CONSORZIO<\/h5>\n<p>[\/et_pb_text][et_pb_text _builder_version=&#8221;4.23.1&#8243; _dynamic_attributes=&#8221;link_option_url&#8221; _module_preset=&#8221;default&#8221; header_font=&#8221;||||||||&#8221; header_5_font=&#8221;|||on|||||&#8221; header_5_font_size=&#8221;26px&#8221; custom_padding=&#8221;||12px|||&#8221; link_option_url=&#8221;@ET-DC@eyJkeW5hbWljIjp0cnVlLCJjb250ZW50IjoicG9zdF9saW5rX3VybF9wYWdlIiwic2V0dGluZ3MiOnsicG9zdF9pZCI6IjczNSIsImVuYWJsZV9odG1sIjoib2ZmIn19@&#8221; border_width_bottom=&#8221;1px&#8221; border_style_bottom=&#8221;dashed&#8221; global_colors_info=&#8221;{}&#8221;]<\/p>\n<h5>Work Packages<\/h5>\n<p>[\/et_pb_text][\/et_pb_column][\/et_pb_row][\/et_pb_section][et_pb_section fb_built=&#8221;1&#8243; disabled_on=&#8221;off|off|off&#8221; admin_label=&#8221;News&#8221; _builder_version=&#8221;4.24.2&#8243; _module_preset=&#8221;default&#8221; display_conditions=&#8221;W10=&#8221; hover_enabled=&#8221;0&#8243; collapsed=&#8221;on&#8221; global_colors_info=&#8221;{}&#8221; sticky_enabled=&#8221;0&#8243;][et_pb_row _builder_version=&#8221;4.23&#8243; _module_preset=&#8221;default&#8221; global_colors_info=&#8221;{}&#8221;][et_pb_column type=&#8221;4_4&#8243; _builder_version=&#8221;4.23&#8243; _module_preset=&#8221;default&#8221; global_colors_info=&#8221;{}&#8221;][et_pb_blog fullwidth=&#8221;off&#8221; posts_number=&#8221;3&#8243; include_categories=&#8221;31,36&#8243; disabled_on=&#8221;off|off|off&#8221; _builder_version=&#8221;4.23.2&#8243; _module_preset=&#8221;default&#8221; body_font_size=&#8221;18px&#8221; body_line_height=&#8221;1.5em&#8221; meta_font_size=&#8221;12px&#8221; animation_style=&#8221;fade&#8221; animation_duration=&#8221;1500ms&#8221; border_radii=&#8221;on|10px|10px|10px|10px&#8221; border_radii_image=&#8221;on|10px|10px|10px|10px&#8221; box_shadow_style=&#8221;preset2&#8243; box_shadow_spread=&#8221;-7px&#8221; global_colors_info=&#8221;{}&#8221;][\/et_pb_blog][\/et_pb_column][\/et_pb_row][\/et_pb_section][et_pb_section fb_built=&#8221;1&#8243; admin_label=&#8221;News&#8221; _builder_version=&#8221;4.23.2&#8243; _module_preset=&#8221;default&#8221; custom_padding=&#8221;7px||5px|||&#8221; global_colors_info=&#8221;{}&#8221;][et_pb_row column_structure=&#8221;2_5,3_5&#8243; _builder_version=&#8221;4.23.2&#8243; _module_preset=&#8221;default&#8221; global_colors_info=&#8221;{}&#8221;][et_pb_column type=&#8221;2_5&#8243; _builder_version=&#8221;4.23&#8243; _module_preset=&#8221;default&#8221; global_colors_info=&#8221;{}&#8221;][et_pb_image src=&#8221;https:\/\/livet-project.eu\/wp-content\/uploads\/2023\/11\/Co-fundedbytheEU.jpg&#8221; alt=&#8221;Finanziato dall&apos;Unione europea&#8221; title_text=&#8221;Finanziato dall&apos;Unione europea&#8221; _builder_version=&#8221;4.23.1&#8243; _module_preset=&#8221;default&#8221; global_colors_info=&#8221;{}&#8221;][\/et_pb_image][\/et_pb_column][et_pb_column type=&#8221;3_5&#8243; _builder_version=&#8221;4.23&#8243; _module_preset=&#8221;default&#8221; global_colors_info=&#8221;{}&#8221;][et_pb_text _builder_version=&#8221;4.23.1&#8243; _module_preset=&#8221;default&#8221; text_line_height=&#8221;1.3em&#8221; custom_margin=&#8221;20px||||false|false&#8221; custom_margin_tablet=&#8221;0px||||false|false&#8221; custom_margin_phone=&#8221;0px||||false|false&#8221; custom_margin_last_edited=&#8221;on|desktop&#8221; global_colors_info=&#8221;{}&#8221;]<\/p>\n<p><span style=\"caret-color: #000000; color: #000000; font-family: Helvetica; font-size: 15px; font-style: normal; font-variant-caps: normal; font-weight: 400; letter-spacing: normal; orphans: auto; text-align: start; text-indent: 0px; text-transform: none; white-space: normal; widows: auto; word-spacing: 0px; -webkit-text-stroke-width: 0px; text-decoration: none; display: inline !important; float: none;\">Finanziato dall&#8217;Unione europea. Le opinioni espresse appartengono, tuttavia, al solo o ai soli autori e non riflettono necessariamente le opinioni dell&#8217;Unione europea o dell\u2019Agenzia esecutiva europea per l\u2019istruzione e la cultura (EACEA). N\u00e9 l&#8217;Unione europea n\u00e9 l&#8217;EACEA possono esserne ritenute responsabili.<\/span><\/p>\n<p>[\/et_pb_text][\/et_pb_column][\/et_pb_row][\/et_pb_section]<\/p>\n","protected":false},"excerpt":{"rendered":"<p>Allevamento del bestiame e approccio &#8220;One Health&#8221;Mettere in pratica il benessere animale secondo i principi di One Health, la prevenzione delle zoonosi e l&#8217;uso responsabile degli antimicrobici per una comunit\u00e0 agricola pi\u00f9 sostenibile.Un approccio unificato e multidisciplinareOne HealthOne Health \u00e8 un approccio collaborativo supportato dall&#8217;Organizzazione delle Nazioni Unite per l&#8217;Alimentazione e l&#8217;Agricoltura (FAO), l&#8217;Organizzazione Mondiale [&hellip;]<\/p>\n","protected":false},"author":1,"featured_media":0,"parent":0,"menu_order":0,"comment_status":"closed","ping_status":"closed","template":"","meta":{"_acf_changed":false,"_et_pb_use_builder":"on","_et_pb_old_content":"","_et_gb_content_width":"","footnotes":""},"class_list":["post-1136","page","type-page","status-publish","hentry"],"acf":[],"_links":{"self":[{"href":"https:\/\/livet-project.eu\/it\/wp-json\/wp\/v2\/pages\/1136","targetHints":{"allow":["GET"]}}],"collection":[{"href":"https:\/\/livet-project.eu\/it\/wp-json\/wp\/v2\/pages"}],"about":[{"href":"https:\/\/livet-project.eu\/it\/wp-json\/wp\/v2\/types\/page"}],"author":[{"embeddable":true,"href":"https:\/\/livet-project.eu\/it\/wp-json\/wp\/v2\/users\/1"}],"replies":[{"embeddable":true,"href":"https:\/\/livet-project.eu\/it\/wp-json\/wp\/v2\/comments?post=1136"}],"version-history":[{"count":44,"href":"https:\/\/livet-project.eu\/it\/wp-json\/wp\/v2\/pages\/1136\/revisions"}],"predecessor-version":[{"id":1565,"href":"https:\/\/livet-project.eu\/it\/wp-json\/wp\/v2\/pages\/1136\/revisions\/1565"}],"wp:attachment":[{"href":"https:\/\/livet-project.eu\/it\/wp-json\/wp\/v2\/media?parent=1136"}],"curies":[{"name":"wp","href":"https:\/\/api.w.org\/{rel}","templated":true}]}}