{"id":1291,"date":"2023-11-08T16:59:36","date_gmt":"2023-11-08T16:59:36","guid":{"rendered":"https:\/\/livet-project.eu\/projet-livet\/"},"modified":"2024-02-24T12:02:10","modified_gmt":"2024-02-24T12:02:10","slug":"projet-livet","status":"publish","type":"page","link":"https:\/\/livet-project.eu\/fr\/projet-livet\/","title":{"rendered":"Projet LIVET"},"content":{"rendered":"<p>[et_pb_section fb_built=\u00a0\u00bb1&Prime; custom_padding_last_edited=\u00a0\u00bbon|phone\u00a0\u00bb admin_label=\u00a0\u00bbHero\u00a0\u00bb _builder_version=\u00a0\u00bb4.23&Prime; _module_preset=\u00a0\u00bbdefault\u00a0\u00bb use_background_color_gradient=\u00a0\u00bbon\u00a0\u00bb background_color_gradient_stops=\u00a0\u00bbrgba(0,0,0,0.7) 0%|rgba(0,0,0,0.6) 100%\u00a0\u00bb background_color_gradient_overlays_image=\u00a0\u00bbon\u00a0\u00bb background_image=\u00a0\u00bbhttps:\/\/livet-project.eu\/wp-content\/uploads\/2023\/10\/group-cows-cowshed-eating-hay-fodder-dairy-farm.jpg\u00a0\u00bb custom_padding=\u00a0\u00bb150px||140px||false|false\u00a0\u00bb custom_padding_tablet=\u00a0\u00bb120px||110px||false|false\u00a0\u00bb custom_padding_phone=\u00a0\u00bb70px||60px||false|false\u00a0\u00bb locked=\u00a0\u00bboff\u00a0\u00bb global_colors_info=\u00a0\u00bb{}\u00a0\u00bb][et_pb_row _builder_version=\u00a0\u00bb4.22.2&Prime; _module_preset=\u00a0\u00bbdefault\u00a0\u00bb global_colors_info=\u00a0\u00bb{}\u00a0\u00bb][et_pb_column type=\u00a0\u00bb4_4&Prime; _builder_version=\u00a0\u00bb4.22.2&Prime; _module_preset=\u00a0\u00bbdefault\u00a0\u00bb global_colors_info=\u00a0\u00bb{}\u00a0\u00bb][et_pb_heading title=\u00a0\u00bbProjet LIVET\u00a0\u00bb _builder_version=\u00a0\u00bb4.23.1&Prime; _module_preset=\u00a0\u00bbdefault\u00a0\u00bb title_font=\u00a0\u00bb|700|||||||\u00a0\u00bb title_text_align=\u00a0\u00bbcenter\u00a0\u00bb title_text_color=\u00a0\u00bb#FFFFFF\u00a0\u00bb title_font_size=\u00a0\u00bb100px\u00a0\u00bb custom_margin=\u00a0\u00bb||-10px|||\u00a0\u00bb global_colors_info=\u00a0\u00bb{}\u00a0\u00bb][\/et_pb_heading][et_pb_text _builder_version=\u00a0\u00bb4.23.1&Prime; _module_preset=\u00a0\u00bbdefault\u00a0\u00bb text_text_color=\u00a0\u00bb#FFFFFF\u00a0\u00bb text_letter_spacing=\u00a0\u00bb2px\u00a0\u00bb text_orientation=\u00a0\u00bbcenter\u00a0\u00bb custom_margin=\u00a0\u00bb||-3px|||\u00a0\u00bb custom_padding=\u00a0\u00bb30px||||false|false\u00a0\u00bb locked=\u00a0\u00bboff\u00a0\u00bb global_colors_info=\u00a0\u00bb{}\u00a0\u00bb]Pour en savoir plus sur le projet[\/et_pb_text][et_pb_button button_url=\u00a0\u00bbhttps:\/\/livet-project.eu\/wp-content\/uploads\/2023\/11\/PRESENTAZIONE-livet-def.pdf\u00a0\u00bb url_new_window=\u00a0\u00bbon\u00a0\u00bb button_text=\u00a0\u00bbT\u00c9L\u00c9CHARGER LA PR\u00c9SENTATION DU PROJET\u00a0\u00bb button_alignment=\u00a0\u00bbcenter\u00a0\u00bb _builder_version=\u00a0\u00bb4.23.1&Prime; _module_preset=\u00a0\u00bbdefault\u00a0\u00bb background_layout=\u00a0\u00bbdark\u00a0\u00bb custom_margin=\u00a0\u00bb20px||||false|false\u00a0\u00bb custom_padding=\u00a0\u00bb0px||||false|false\u00a0\u00bb locked=\u00a0\u00bboff\u00a0\u00bb global_colors_info=\u00a0\u00bb{}\u00a0\u00bb][\/et_pb_button][\/et_pb_column][\/et_pb_row][\/et_pb_section][et_pb_section fb_built=\u00a0\u00bb1&Prime; admin_label=\u00a0\u00bbOne Health\u00a0\u00bb _builder_version=\u00a0\u00bb4.22.2&Prime; _module_preset=\u00a0\u00bbdefault\u00a0\u00bb background_color=\u00a0\u00bbRGBA(255,255,255,0)\u00a0\u00bb use_background_color_gradient=\u00a0\u00bbon\u00a0\u00bb background_color_gradient_direction=\u00a0\u00bb90deg\u00a0\u00bb background_color_gradient_stops=\u00a0\u00bbrgba(99,177,188,0.39) 0%|rgba(99,177,188,0) 98%\u00a0\u00bb global_colors_info=\u00a0\u00bb{}\u00a0\u00bb][et_pb_row column_structure=\u00a0\u00bb1_2,1_2&Prime; _builder_version=\u00a0\u00bb4.22.2&Prime; _module_preset=\u00a0\u00bbdefault\u00a0\u00bb custom_margin=\u00a0\u00bb||||false|false\u00a0\u00bb custom_margin_tablet=\u00a0\u00bb||||false|false\u00a0\u00bb custom_margin_phone=\u00a0\u00bb||40px||false|false\u00a0\u00bb custom_margin_last_edited=\u00a0\u00bbon|desktop\u00a0\u00bb global_colors_info=\u00a0\u00bb{}\u00a0\u00bb][et_pb_column type=\u00a0\u00bb1_2&Prime; _builder_version=\u00a0\u00bb4.22.2&Prime; _module_preset=\u00a0\u00bbdefault\u00a0\u00bb global_colors_info=\u00a0\u00bb{}\u00a0\u00bb][et_pb_text _builder_version=\u00a0\u00bb4.22.2&Prime; _module_preset=\u00a0\u00bbdefault\u00a0\u00bb text_font=\u00a0\u00bb|700|on||||||\u00a0\u00bb custom_margin=\u00a0\u00bb||0px||false|false\u00a0\u00bb custom_margin_tablet=\u00a0\u00bb||0px||false|false\u00a0\u00bb custom_margin_phone=\u00a0\u00bb||0px||false|false\u00a0\u00bb custom_margin_last_edited=\u00a0\u00bbon|desktop\u00a0\u00bb global_colors_info=\u00a0\u00bb{}\u00a0\u00bb]<\/p>\n<p>Une approche unifi\u00e9e et pluridisciplinaire<\/p>\n<p>[\/et_pb_text][et_pb_text _builder_version=\u00a0\u00bb4.23&Prime; _module_preset=\u00a0\u00bbdefault\u00a0\u00bb header_font_size=\u00a0\u00bb80px\u00a0\u00bb header_2_font=\u00a0\u00bb|700|||||||\u00a0\u00bb header_2_text_color=\u00a0\u00bb#63b1bc\u00a0\u00bb header_2_font_size=\u00a0\u00bb80px\u00a0\u00bb custom_margin=\u00a0\u00bb0px||0px||false|false\u00a0\u00bb custom_margin_tablet=\u00a0\u00bb0px||0px||false|false\u00a0\u00bb custom_margin_phone=\u00a0\u00bb0px||0px||false|false\u00a0\u00bb custom_margin_last_edited=\u00a0\u00bbon|phone\u00a0\u00bb custom_padding=\u00a0\u00bb||||false|false\u00a0\u00bb header_font_size_tablet=\u00a0\u00bb80px\u00a0\u00bb header_font_size_phone=\u00a0\u00bb30px\u00a0\u00bb header_font_size_last_edited=\u00a0\u00bbon|phone\u00a0\u00bb header_2_font_size_tablet=\u00a0\u00bb80px\u00a0\u00bb header_2_font_size_phone=\u00a0\u00bb40px\u00a0\u00bb header_2_font_size_last_edited=\u00a0\u00bbon|desktop\u00a0\u00bb global_colors_info=\u00a0\u00bb{}\u00a0\u00bb]<\/p>\n<h2>One Health &#8211; Une seule Sant\u00e9<\/h2>\n<p>[\/et_pb_text][et_pb_accordion open_toggle_background_color=\u00a0\u00bbRGBA(255,255,255,0)\u00a0\u00bb closed_toggle_background_color=\u00a0\u00bbRGBA(255,255,255,0)\u00a0\u00bb _builder_version=\u00a0\u00bb4.23&Prime; _module_preset=\u00a0\u00bbdefault\u00a0\u00bb custom_margin=\u00a0\u00bb||||false|false\u00a0\u00bb custom_padding=\u00a0\u00bb||||false|false\u00a0\u00bb global_colors_info=\u00a0\u00bb{}\u00a0\u00bb][et_pb_accordion_item title=\u00a0\u00bb&quot;ONE HEALTH &#8211; UNE SEULE SANT\u00c9&quot;, QU&apos;EST-CE QUE C&apos;EST ?\u00a0\u00bb open=\u00a0\u00bbon\u00a0\u00bb open_toggle_text_color=\u00a0\u00bb#4d4845&Prime; icon_color=\u00a0\u00bb#4d4845&Prime; _builder_version=\u00a0\u00bb4.23&Prime; _module_preset=\u00a0\u00bbdefault\u00a0\u00bb background_color=\u00a0\u00bbRGBA(255,255,255,0)\u00a0\u00bb background_enable_color=\u00a0\u00bbon\u00a0\u00bb custom_padding=\u00a0\u00bb|||0px|false|false\u00a0\u00bb border_width_all=\u00a0\u00bb0px\u00a0\u00bb border_width_bottom=\u00a0\u00bb1px\u00a0\u00bb border_color_bottom=\u00a0\u00bb#4d4845&Prime; border_style_bottom=\u00a0\u00bbdashed\u00a0\u00bb global_colors_info=\u00a0\u00bb{}\u00a0\u00bb toggle_text_color=\u00a0\u00bb#4d4845&Prime; toggle_font_size=\u00a0\u00bb28px\u00a0\u00bb]<\/p>\n<p>\u00ab\u00a0One Health &#8211; Une seule Sant\u00e9\u00a0\u00bb est une approche collaborative soutenue par l&rsquo;Organisation des Nations unies pour l&rsquo;alimentation et l&rsquo;agriculture (FAO), l&rsquo;Organisation mondiale de la sant\u00e9 animale (OMSA) et l&rsquo;Organisation mondiale de la sant\u00e9 (OMS). Cette approche vise \u00e0 r\u00e9pondre aux menaces pour la sant\u00e9 publique d\u00e9coulant des interactions entre les animaux, les \u00eatres humains et l&rsquo;environnement.<\/p>\n<p>[\/et_pb_accordion_item][et_pb_accordion_item title=\u00a0\u00bbCONTEXTE ACTUEL\u00a0\u00bb icon_color=\u00a0\u00bb#4d4845&Prime; _builder_version=\u00a0\u00bb4.22.2&Prime; _module_preset=\u00a0\u00bbdefault\u00a0\u00bb background_color=\u00a0\u00bbRGBA(255,255,255,0)\u00a0\u00bb background_enable_color=\u00a0\u00bbon\u00a0\u00bb custom_margin=\u00a0\u00bb||||false|false\u00a0\u00bb custom_padding=\u00a0\u00bb0px|||0px|false|false\u00a0\u00bb border_width_all=\u00a0\u00bb0px\u00a0\u00bb border_width_bottom=\u00a0\u00bb1px\u00a0\u00bb border_color_bottom=\u00a0\u00bb#4d4845&Prime; border_style_bottom=\u00a0\u00bbdashed\u00a0\u00bb global_colors_info=\u00a0\u00bb{}\u00a0\u00bb toggle_font_size=\u00a0\u00bb26px\u00a0\u00bb open=\u00a0\u00bboff\u00a0\u00bb]<\/p>\n<p>Le secteur de l&rsquo;\u00e9levage est aujourd&rsquo;hui confront\u00e9 \u00e0 de nombreux d\u00e9fis, qu&rsquo;il s&rsquo;agisse de la demande mondiale croissante en produits d&rsquo;origine animale ou des pressions de plus en plus fortes en faveur de pratiques durables. L&rsquo;\u00e9mergence de zoonoses &#8211; maladies transmissibles de l&rsquo;animal \u00e0 l&rsquo;homme &#8211; telles que le COVID-19, met en \u00e9vidence le lien vital entre la sant\u00e9 animale et la sant\u00e9 humaine. La mise en \u0153uvre d&rsquo;une approche int\u00e9gr\u00e9e dans l&rsquo;\u00e9levage constitue une strat\u00e9gie proactive pour att\u00e9nuer ces d\u00e9fis. Il aborde des facteurs cl\u00e9s tels que la sant\u00e9 et le bien-\u00eatre animal, la s\u00e9curit\u00e9 alimentaire et le d\u00e9veloppement durable, r\u00e9duisant ainsi les risques et garantissant la viabilit\u00e9 \u00e0 long terme du secteur. Cette approche multidimensionnelle permet d&rsquo;identifier et de g\u00e9rer en temps utile les menaces potentielles, d&rsquo;optimiser l&rsquo;utilisation des ressources et de promouvoir des pratiques responsables au sein de l&rsquo;industrie.<\/p>\n<p>[\/et_pb_accordion_item][et_pb_accordion_item title=\u00a0\u00bbAPPROCHE INT\u00c9GR\u00c9E DE L&apos;AGRICULTURE\u00a0\u00bb icon_color=\u00a0\u00bb#4d4845&Prime; _builder_version=\u00a0\u00bb4.22.2&Prime; _module_preset=\u00a0\u00bbdefault\u00a0\u00bb background_color=\u00a0\u00bbRGBA(255,255,255,0)\u00a0\u00bb background_enable_color=\u00a0\u00bbon\u00a0\u00bb custom_padding=\u00a0\u00bb0px|||0px|false|false\u00a0\u00bb border_width_all=\u00a0\u00bb0px\u00a0\u00bb border_width_bottom=\u00a0\u00bb1px\u00a0\u00bb border_color_bottom=\u00a0\u00bb#4d4845&Prime; border_style_bottom=\u00a0\u00bbdashed\u00a0\u00bb global_colors_info=\u00a0\u00bb{}\u00a0\u00bb toggle_font_size=\u00a0\u00bb26px\u00a0\u00bb open=\u00a0\u00bboff\u00a0\u00bb]Une approche int\u00e9gr\u00e9e de l&rsquo;agriculture n&rsquo;est pas seulement b\u00e9n\u00e9fique pour l&rsquo;environnement et la sant\u00e9 publique, elle pr\u00e9sente aussi des avantages \u00e9conomiques \u00e9vidents. En rationalisant les op\u00e9rations et en optimisant l&rsquo;affectation des ressources, les agriculteurs peuvent obtenir de meilleurs rendements tout en r\u00e9duisant les co\u00fbts. L&rsquo;accent mis sur les pratiques durables peut ouvrir de nouveaux march\u00e9s et attirer des segments de consommateurs \u00e0 la recherche de biens produits de mani\u00e8re responsable. Une approche int\u00e9gr\u00e9e offre un mod\u00e8le \u00e9conomique plus solide et r\u00e9siliant, capable de s&rsquo;adapter aux fluctuations du march\u00e9, aux changements r\u00e9glementaires et aux nouveaux d\u00e9fis. Il en r\u00e9sulte un secteur agricole plus durable et plus rentable, capable de soutenir la s\u00e9curit\u00e9 alimentaire et de contribuer au d\u00e9veloppement \u00e9conomique \u00e0 plus grande \u00e9chelle.[\/et_pb_accordion_item][\/et_pb_accordion][\/et_pb_column][et_pb_column type=\u00a0\u00bb1_2&Prime; _builder_version=\u00a0\u00bb4.22.2&Prime; _module_preset=\u00a0\u00bbdefault\u00a0\u00bb global_colors_info=\u00a0\u00bb{}\u00a0\u00bb][et_pb_image src=\u00a0\u00bbhttps:\/\/livet-project.eu\/wp-content\/uploads\/2023\/11\/one-health-infographic-1.png\u00a0\u00bb alt=\u00a0\u00bbOne Health infographic\u00a0\u00bb title_text=\u00a0\u00bbone-health-infographic\u00a0\u00bb _builder_version=\u00a0\u00bb4.23&Prime; _module_preset=\u00a0\u00bbdefault\u00a0\u00bb border_radii=\u00a0\u00bbon|10px|10px|10px|10px\u00a0\u00bb global_colors_info=\u00a0\u00bb{}\u00a0\u00bb][\/et_pb_image][\/et_pb_column][\/et_pb_row][\/et_pb_section][et_pb_section fb_built=\u00a0\u00bb1&Prime; admin_label=\u00a0\u00bbLivet\u00a0\u00bb _builder_version=\u00a0\u00bb4.22.2&Prime; _module_preset=\u00a0\u00bbdefault\u00a0\u00bb background_color=\u00a0\u00bbRGBA(255,255,255,0)\u00a0\u00bb use_background_color_gradient=\u00a0\u00bbon\u00a0\u00bb background_color_gradient_direction=\u00a0\u00bb90deg\u00a0\u00bb background_color_gradient_stops=\u00a0\u00bbrgba(241,184,40,0.22) 0%|rgba(241,184,40,0) 98%\u00a0\u00bb global_colors_info=\u00a0\u00bb{}\u00a0\u00bb][et_pb_row column_structure=\u00a0\u00bb1_2,1_2&Prime; _builder_version=\u00a0\u00bb4.22.2&Prime; _module_preset=\u00a0\u00bbdefault\u00a0\u00bb custom_margin=\u00a0\u00bb||40px||false|false\u00a0\u00bb custom_margin_tablet=\u00a0\u00bb||40px||false|false\u00a0\u00bb custom_margin_phone=\u00a0\u00bb||40px||false|false\u00a0\u00bb custom_margin_last_edited=\u00a0\u00bbon|desktop\u00a0\u00bb global_colors_info=\u00a0\u00bb{}\u00a0\u00bb][et_pb_column type=\u00a0\u00bb1_2&Prime; _builder_version=\u00a0\u00bb4.22.2&Prime; _module_preset=\u00a0\u00bbdefault\u00a0\u00bb global_colors_info=\u00a0\u00bb{}\u00a0\u00bb][et_pb_image src=\u00a0\u00bbhttps:\/\/livet-project.eu\/wp-content\/uploads\/2023\/10\/veterinary-lab-robe-standing-cowshed.jpg\u00a0\u00bb alt=\u00a0\u00bbveterinarian and cowshed\u00a0\u00bb title_text=\u00a0\u00bbveterinarian and cowshed\u00a0\u00bb _builder_version=\u00a0\u00bb4.23&Prime; _module_preset=\u00a0\u00bbdefault\u00a0\u00bb border_radii=\u00a0\u00bbon|10px|10px|10px|10px\u00a0\u00bb global_colors_info=\u00a0\u00bb{}\u00a0\u00bb][\/et_pb_image][et_pb_button button_text=\u00a0\u00bbPlateforme \u00e9ducative\u00a0\u00bb button_alignment=\u00a0\u00bbright\u00a0\u00bb _builder_version=\u00a0\u00bb4.23&Prime; _module_preset=\u00a0\u00bbdefault\u00a0\u00bb custom_button=\u00a0\u00bbon\u00a0\u00bb button_text_color=\u00a0\u00bb#f1b828&Prime; button_bg_color=\u00a0\u00bb#4d4845&Prime; button_border_width=\u00a0\u00bb0px\u00a0\u00bb button_font=\u00a0\u00bb|||on|||||\u00a0\u00bb button_use_icon=\u00a0\u00bboff\u00a0\u00bb global_colors_info=\u00a0\u00bb{}\u00a0\u00bb][\/et_pb_button][\/et_pb_column][et_pb_column type=\u00a0\u00bb1_2&Prime; _builder_version=\u00a0\u00bb4.22.2&Prime; _module_preset=\u00a0\u00bbdefault\u00a0\u00bb global_colors_info=\u00a0\u00bb{}\u00a0\u00bb][et_pb_text _builder_version=\u00a0\u00bb4.22.2&Prime; _module_preset=\u00a0\u00bbdefault\u00a0\u00bb text_font=\u00a0\u00bb|700|on||||||\u00a0\u00bb custom_margin=\u00a0\u00bb||0px||false|false\u00a0\u00bb custom_margin_tablet=\u00a0\u00bb||0px||false|false\u00a0\u00bb custom_margin_phone=\u00a0\u00bb||0px||false|false\u00a0\u00bb custom_margin_last_edited=\u00a0\u00bbon|desktop\u00a0\u00bb global_colors_info=\u00a0\u00bb{}\u00a0\u00bb]<\/p>\n<p>L&rsquo;\u00e9levage et l&rsquo;approche \u00ab\u00a0One Health &#8211; Une seule Sant\u00e9\u00a0\u00bb<\/p>\n<p>[\/et_pb_text][et_pb_text _builder_version=\u00a0\u00bb4.22.2&Prime; _module_preset=\u00a0\u00bbdefault\u00a0\u00bb header_font_size=\u00a0\u00bb80px\u00a0\u00bb header_2_font=\u00a0\u00bb|700|||||||\u00a0\u00bb header_2_text_color=\u00a0\u00bb#f1b828&Prime; header_2_font_size=\u00a0\u00bb80px\u00a0\u00bb custom_margin=\u00a0\u00bb0px||0px||false|false\u00a0\u00bb custom_margin_tablet=\u00a0\u00bb0px||0px||false|false\u00a0\u00bb custom_margin_phone=\u00a0\u00bb0px||0px||false|false\u00a0\u00bb custom_margin_last_edited=\u00a0\u00bbon|phone\u00a0\u00bb custom_padding=\u00a0\u00bb||||false|false\u00a0\u00bb header_font_size_tablet=\u00a0\u00bb80px\u00a0\u00bb header_font_size_phone=\u00a0\u00bb30px\u00a0\u00bb header_font_size_last_edited=\u00a0\u00bbon|phone\u00a0\u00bb header_2_font_size_tablet=\u00a0\u00bb80px\u00a0\u00bb header_2_font_size_phone=\u00a0\u00bb40px\u00a0\u00bb header_2_font_size_last_edited=\u00a0\u00bbon|desktop\u00a0\u00bb global_colors_info=\u00a0\u00bb{}\u00a0\u00bb]<\/p>\n<h2>LIVET<\/h2>\n<p>[\/et_pb_text][et_pb_accordion open_toggle_background_color=\u00a0\u00bbRGBA(255,255,255,0)\u00a0\u00bb closed_toggle_background_color=\u00a0\u00bbRGBA(255,255,255,0)\u00a0\u00bb _builder_version=\u00a0\u00bb4.23.1&Prime; _module_preset=\u00a0\u00bbdefault\u00a0\u00bb custom_margin=\u00a0\u00bb||||false|false\u00a0\u00bb custom_padding=\u00a0\u00bb||||false|false\u00a0\u00bb global_colors_info=\u00a0\u00bb{}\u00a0\u00bb][et_pb_accordion_item title=\u00a0\u00bbCONTEXTE ACTUEL\u00a0\u00bb open=\u00a0\u00bbon\u00a0\u00bb open_toggle_text_color=\u00a0\u00bb#4d4845&Prime; icon_color=\u00a0\u00bb#4d4845&Prime; _builder_version=\u00a0\u00bb4.22.2&Prime; _module_preset=\u00a0\u00bbdefault\u00a0\u00bb background_color=\u00a0\u00bbRGBA(255,255,255,0)\u00a0\u00bb background_enable_color=\u00a0\u00bbon\u00a0\u00bb custom_padding=\u00a0\u00bb|||0px|false|false\u00a0\u00bb border_width_all=\u00a0\u00bb0px\u00a0\u00bb border_width_bottom=\u00a0\u00bb1px\u00a0\u00bb border_color_bottom=\u00a0\u00bb#4d4845&Prime; border_style_bottom=\u00a0\u00bbdashed\u00a0\u00bb global_colors_info=\u00a0\u00bb{}\u00a0\u00bb toggle_text_color=\u00a0\u00bb#4d4845&Prime; toggle_font_size=\u00a0\u00bb28px\u00a0\u00bb]<\/p>\n<p>L&rsquo;objectif du projet LIVET est de faire progresser l&rsquo;int\u00e9gration du cadre \u00ab\u00a0One Health &#8211; Une seule Sant\u00e9\u00a0\u00bb dans le secteur de l&rsquo;enseignement et de la formation professionnels (EFP). L&rsquo;objectif est d&rsquo;am\u00e9liorer le bien-\u00eatre animal, de lutter contre les zoonoses end\u00e9miques et \u00e9mergentes et de r\u00e9duire l&rsquo;utilisation des antimicrobiens et la r\u00e9sistance \u00e0 ces derniers. Apr\u00e8s avoir prouv\u00e9 son efficacit\u00e9 dans le monde universitaire et de la recherche, l&rsquo;approche \u00ab\u00a0One Health &#8211; Une seule Sant\u00e9\u00a0\u00bb doit maintenant \u00eatre appliqu\u00e9e aux secteurs de l&rsquo;enseignement et de la formation professionnels et aux secteurs \u00e9conomiques.<br \/>\nCela stimulera l&rsquo;innovation gr\u00e2ce au flux coop\u00e9ratif de connaissances entre l&rsquo;enseignement sup\u00e9rieur, l&rsquo;enseignement et la formation professionnels et l&rsquo;environnement socio-\u00e9conomique au sens large.\n<\/p>\n<p>[\/et_pb_accordion_item][et_pb_accordion_item title=\u00a0\u00bbPROGRAMME D&apos;\u00c9TUDES ET DE COURS\u00a0\u00bb icon_color=\u00a0\u00bb#4d4845&Prime; _builder_version=\u00a0\u00bb4.22.2&Prime; _module_preset=\u00a0\u00bbdefault\u00a0\u00bb background_color=\u00a0\u00bbRGBA(255,255,255,0)\u00a0\u00bb background_enable_color=\u00a0\u00bbon\u00a0\u00bb custom_margin=\u00a0\u00bb||||false|false\u00a0\u00bb custom_padding=\u00a0\u00bb0px|||0px|false|false\u00a0\u00bb border_width_all=\u00a0\u00bb0px\u00a0\u00bb border_width_bottom=\u00a0\u00bb1px\u00a0\u00bb border_color_bottom=\u00a0\u00bb#4d4845&Prime; border_style_bottom=\u00a0\u00bbdashed\u00a0\u00bb global_colors_info=\u00a0\u00bb{}\u00a0\u00bb toggle_font_size=\u00a0\u00bb26px\u00a0\u00bb open=\u00a0\u00bboff\u00a0\u00bb]<\/p>\n<p>LIVET vise \u00e0 cr\u00e9er un programme d&rsquo;enseignement professionnel unique et innovant, dont les essais pilotes d\u00e9buteront en 2025. Le programme d&rsquo;\u00e9tudes comprendra un ensemble complet de supports p\u00e9dagogiques ainsi que des recommandations politiques visant \u00e0 int\u00e9grer l&rsquo;approche \u00ab\u00a0One Health &#8211; Une seule Sant\u00e9\u00a0\u00bb dans les r\u00e9glementations r\u00e9gionales, nationales et europ\u00e9ennes.<\/p>\n<p>[\/et_pb_accordion_item][et_pb_accordion_item title=\u00a0\u00bbOPPORTUNIT\u00c9S D&apos;APPRENTISSAGE\u00a0\u00bb icon_color=\u00a0\u00bb#4d4845&Prime; _builder_version=\u00a0\u00bb4.23.1&Prime; _module_preset=\u00a0\u00bbdefault\u00a0\u00bb background_color=\u00a0\u00bbRGBA(255,255,255,0)\u00a0\u00bb background_enable_color=\u00a0\u00bbon\u00a0\u00bb custom_padding=\u00a0\u00bb0px|||0px|false|false\u00a0\u00bb border_width_all=\u00a0\u00bb0px\u00a0\u00bb border_width_bottom=\u00a0\u00bb1px\u00a0\u00bb border_color_bottom=\u00a0\u00bb#4d4845&Prime; border_style_bottom=\u00a0\u00bbdashed\u00a0\u00bb global_colors_info=\u00a0\u00bb{}\u00a0\u00bb toggle_font_size=\u00a0\u00bb26px\u00a0\u00bb open=\u00a0\u00bboff\u00a0\u00bb]1. Un cours en ligne de 75 heures ax\u00e9 sur l&rsquo;adoption de l&rsquo;approche \u00ab\u00a0One Health &#8211; Une seule Sant\u00e9\u00a0\u00bb dans le secteur europ\u00e9en de l&rsquo;\u00e9levage.<br \/>\n2. Trois cours nationaux de sp\u00e9cialisation sur le bien-\u00eatre animal, les zoonoses et l&rsquo;utilisation des antimicrobiens et la r\u00e9sistance \u00e0 ces derniers, encadr\u00e9s par des services de conseil agricole, des chercheurs universitaires et des experts internationaux.<br \/>\n3. Une \u00e9cole d&rsquo;automne sur le \u00ab\u00a0One Health &#8211; Une seule Sant\u00e9\u00a0\u00bb et la gestion int\u00e9gr\u00e9e des risques, situ\u00e9e \u00e0 Cluj-Napoca, en Roumanie.<br \/>\n4. L&rsquo;opportunit\u00e9 d&rsquo;un stage de 150 heures dans une entreprise nationale ou europ\u00e9enne.[\/et_pb_accordion_item][et_pb_accordion_item title=\u00a0\u00bbGROUPES CIBLES\u00a0\u00bb icon_color=\u00a0\u00bb#4d4845&Prime; _builder_version=\u00a0\u00bb4.22.2&Prime; _module_preset=\u00a0\u00bbdefault\u00a0\u00bb background_color=\u00a0\u00bbRGBA(255,255,255,0)\u00a0\u00bb background_enable_color=\u00a0\u00bbon\u00a0\u00bb custom_padding=\u00a0\u00bb0px|||0px|false|false\u00a0\u00bb border_width_all=\u00a0\u00bb0px\u00a0\u00bb border_width_bottom=\u00a0\u00bb1px\u00a0\u00bb border_color_bottom=\u00a0\u00bb#4d4845&Prime; border_style_bottom=\u00a0\u00bbdashed\u00a0\u00bb global_colors_info=\u00a0\u00bb{}\u00a0\u00bb toggle_font_size=\u00a0\u00bb26px\u00a0\u00bb open=\u00a0\u00bboff\u00a0\u00bb]Les groupes cibles comprennent les dipl\u00f4m\u00e9s des \u00e9tablissements d&rsquo;enseignement technique et professionnel agricole, les \u00e9tudiants de premier cycle en agriculture ou en sciences v\u00e9t\u00e9rinaires, les conseillers, les consultants, les techniciens, les superviseurs d&rsquo;exploitations d&rsquo;\u00e9levage et les travailleurs sp\u00e9cialis\u00e9s dans l&rsquo;\u00e9levage occupant des fonctions manag\u00e9riales. Rejoignez-nous pour b\u00e2tir un avenir plus sain et plus durable pour tous. Rejoignez-nous pour b\u00e2tir un avenir plus sain et plus durable pour tous. Inscrivez-vous d\u00e8s maintenant pour garantir votre place dans nos cours et nos programmes de stage.[\/et_pb_accordion_item][\/et_pb_accordion][et_pb_text _builder_version=\u00a0\u00bb4.23.1&Prime; _dynamic_attributes=\u00a0\u00bblink_option_url\u00a0\u00bb _module_preset=\u00a0\u00bbdefault\u00a0\u00bb header_font=\u00a0\u00bb||||||||\u00a0\u00bb header_5_font=\u00a0\u00bb|||on|||||\u00a0\u00bb header_5_font_size=\u00a0\u00bb26px\u00a0\u00bb custom_padding=\u00a0\u00bb||12px|||\u00a0\u00bb link_option_url=\u00a0\u00bb@ET-DC@eyJkeW5hbWljIjp0cnVlLCJjb250ZW50IjoicG9zdF9saW5rX3VybF9wYWdlIiwic2V0dGluZ3MiOnsicG9zdF9pZCI6IjU5OSJ9fQ==@\u00a0\u00bb border_width_bottom=\u00a0\u00bb1px\u00a0\u00bb border_style_bottom=\u00a0\u00bbdashed\u00a0\u00bb global_colors_info=\u00a0\u00bb{}\u00a0\u00bb]<\/p>\n<h5>CONSORTIUM<\/h5>\n<p>[\/et_pb_text][et_pb_text _builder_version=\u00a0\u00bb4.23.1&Prime; _dynamic_attributes=\u00a0\u00bblink_option_url\u00a0\u00bb _module_preset=\u00a0\u00bbdefault\u00a0\u00bb header_font=\u00a0\u00bb||||||||\u00a0\u00bb header_5_font=\u00a0\u00bb|||on|||||\u00a0\u00bb header_5_font_size=\u00a0\u00bb26px\u00a0\u00bb custom_padding=\u00a0\u00bb||12px|||\u00a0\u00bb link_option_url=\u00a0\u00bb@ET-DC@eyJkeW5hbWljIjp0cnVlLCJjb250ZW50IjoicG9zdF9saW5rX3VybF9wYWdlIiwic2V0dGluZ3MiOnsicG9zdF9pZCI6IjczNSJ9fQ==@\u00a0\u00bb border_width_bottom=\u00a0\u00bb1px\u00a0\u00bb border_style_bottom=\u00a0\u00bbdashed\u00a0\u00bb global_colors_info=\u00a0\u00bb{}\u00a0\u00bb]<\/p>\n<h5>AXES DE TRAVAIL<\/h5>\n<p>[\/et_pb_text][\/et_pb_column][\/et_pb_row][\/et_pb_section]<\/p>\n","protected":false},"excerpt":{"rendered":"<p>Pour en savoir plus sur le projetUne approche unifi\u00e9e et pluridisciplinaireOne Health &#8211; Une seule Sant\u00e9\u00a0\u00bbOne Health &#8211; Une seule Sant\u00e9\u00a0\u00bb est une approche collaborative soutenue par l&rsquo;Organisation des Nations unies pour l&rsquo;alimentation et l&rsquo;agriculture (FAO), l&rsquo;Organisation mondiale de la sant\u00e9 animale (OMSA) et l&rsquo;Organisation mondiale de la sant\u00e9 (OMS). Cette approche vise \u00e0 r\u00e9pondre [&hellip;]<\/p>\n","protected":false},"author":1,"featured_media":0,"parent":0,"menu_order":0,"comment_status":"closed","ping_status":"closed","template":"","meta":{"_acf_changed":false,"_et_pb_use_builder":"on","_et_pb_old_content":"","_et_gb_content_width":"","footnotes":""},"class_list":["post-1291","page","type-page","status-publish","hentry"],"acf":[],"_links":{"self":[{"href":"https:\/\/livet-project.eu\/fr\/wp-json\/wp\/v2\/pages\/1291","targetHints":{"allow":["GET"]}}],"collection":[{"href":"https:\/\/livet-project.eu\/fr\/wp-json\/wp\/v2\/pages"}],"about":[{"href":"https:\/\/livet-project.eu\/fr\/wp-json\/wp\/v2\/types\/page"}],"author":[{"embeddable":true,"href":"https:\/\/livet-project.eu\/fr\/wp-json\/wp\/v2\/users\/1"}],"replies":[{"embeddable":true,"href":"https:\/\/livet-project.eu\/fr\/wp-json\/wp\/v2\/comments?post=1291"}],"version-history":[{"count":5,"href":"https:\/\/livet-project.eu\/fr\/wp-json\/wp\/v2\/pages\/1291\/revisions"}],"predecessor-version":[{"id":1296,"href":"https:\/\/livet-project.eu\/fr\/wp-json\/wp\/v2\/pages\/1291\/revisions\/1296"}],"wp:attachment":[{"href":"https:\/\/livet-project.eu\/fr\/wp-json\/wp\/v2\/media?parent=1291"}],"curies":[{"name":"wp","href":"https:\/\/api.w.org\/{rel}","templated":true}]}}