{"id":1312,"date":"2023-11-08T16:59:36","date_gmt":"2023-11-08T16:59:36","guid":{"rendered":"https:\/\/livet-project.eu\/livet-projekt\/"},"modified":"2024-02-25T16:44:33","modified_gmt":"2024-02-25T16:44:33","slug":"livet-projekt","status":"publish","type":"page","link":"https:\/\/livet-project.eu\/de\/livet-projekt\/","title":{"rendered":"LIVET Projekt"},"content":{"rendered":"<p>[et_pb_section fb_built=&#8220;1&#8243; custom_padding_last_edited=&#8220;on|phone&#8220; admin_label=&#8220;Hero&#8220; _builder_version=&#8220;4.23&#8243; _module_preset=&#8220;default&#8220; use_background_color_gradient=&#8220;on&#8220; background_color_gradient_stops=&#8220;rgba(0,0,0,0.7) 0%|rgba(0,0,0,0.6) 100%&#8220; background_color_gradient_overlays_image=&#8220;on&#8220; background_image=&#8220;https:\/\/livet-project.eu\/wp-content\/uploads\/2023\/10\/group-cows-cowshed-eating-hay-fodder-dairy-farm.jpg&#8220; custom_padding=&#8220;150px||140px||false|false&#8220; custom_padding_tablet=&#8220;120px||110px||false|false&#8220; custom_padding_phone=&#8220;70px||60px||false|false&#8220; locked=&#8220;off&#8220; global_colors_info=&#8220;{}&#8220;][et_pb_row _builder_version=&#8220;4.22.2&#8243; _module_preset=&#8220;default&#8220; global_colors_info=&#8220;{}&#8220;][et_pb_column type=&#8220;4_4&#8243; _builder_version=&#8220;4.22.2&#8243; _module_preset=&#8220;default&#8220; global_colors_info=&#8220;{}&#8220;][et_pb_heading title=&#8220;LIVET Projekt&#8220; _builder_version=&#8220;4.23.1&#8243; _module_preset=&#8220;default&#8220; title_font=&#8220;|700|||||||&#8220; title_text_align=&#8220;center&#8220; title_text_color=&#8220;#FFFFFF&#8220; title_font_size=&#8220;100px&#8220; custom_margin=&#8220;||-10px|||&#8220; global_colors_info=&#8220;{}&#8220;][\/et_pb_heading][et_pb_text _builder_version=&#8220;4.23.1&#8243; _module_preset=&#8220;default&#8220; text_text_color=&#8220;#FFFFFF&#8220; text_letter_spacing=&#8220;2px&#8220; text_orientation=&#8220;center&#8220; custom_margin=&#8220;||-3px|||&#8220; custom_padding=&#8220;30px||||false|false&#8220; locked=&#8220;off&#8220; global_colors_info=&#8220;{}&#8220;]Weitere Informationen \u00fcber das Projekt[\/et_pb_text][et_pb_button button_url=&#8220;https:\/\/livet-project.eu\/wp-content\/uploads\/2023\/11\/PRESENTAZIONE-livet-def.pdf&#8220; url_new_window=&#8220;on&#8220; button_text=&#8220;DOWNLOAD DER PROJEKTPR\u00c4SENTATIONEN&#8220; button_alignment=&#8220;center&#8220; _builder_version=&#8220;4.23.1&#8243; _module_preset=&#8220;default&#8220; background_layout=&#8220;dark&#8220; custom_margin=&#8220;20px||||false|false&#8220; custom_padding=&#8220;0px||||false|false&#8220; locked=&#8220;off&#8220; global_colors_info=&#8220;{}&#8220;][\/et_pb_button][\/et_pb_column][\/et_pb_row][\/et_pb_section][et_pb_section fb_built=&#8220;1&#8243; admin_label=&#8220;One Health&#8220; _builder_version=&#8220;4.22.2&#8243; _module_preset=&#8220;default&#8220; background_color=&#8220;RGBA(255,255,255,0)&#8220; use_background_color_gradient=&#8220;on&#8220; background_color_gradient_direction=&#8220;90deg&#8220; background_color_gradient_stops=&#8220;rgba(99,177,188,0.39) 0%|rgba(99,177,188,0) 98%&#8220; global_colors_info=&#8220;{}&#8220;][et_pb_row column_structure=&#8220;1_2,1_2&#8243; _builder_version=&#8220;4.22.2&#8243; _module_preset=&#8220;default&#8220; custom_margin=&#8220;||||false|false&#8220; custom_margin_tablet=&#8220;||||false|false&#8220; custom_margin_phone=&#8220;||40px||false|false&#8220; custom_margin_last_edited=&#8220;on|desktop&#8220; global_colors_info=&#8220;{}&#8220;][et_pb_column type=&#8220;1_2&#8243; _builder_version=&#8220;4.22.2&#8243; _module_preset=&#8220;default&#8220; global_colors_info=&#8220;{}&#8220;][et_pb_text _builder_version=&#8220;4.22.2&#8243; _module_preset=&#8220;default&#8220; text_font=&#8220;|700|on||||||&#8220; custom_margin=&#8220;||0px||false|false&#8220; custom_margin_tablet=&#8220;||0px||false|false&#8220; custom_margin_phone=&#8220;||0px||false|false&#8220; custom_margin_last_edited=&#8220;on|desktop&#8220; global_colors_info=&#8220;{}&#8220;]<\/p>\n<p>Ein einheitlicher, multidisziplin\u00e4rer Ansatz<\/p>\n<p>[\/et_pb_text][et_pb_text _builder_version=&#8220;4.23&#8243; _module_preset=&#8220;default&#8220; header_font_size=&#8220;80px&#8220; header_2_font=&#8220;|700|||||||&#8220; header_2_text_color=&#8220;#63b1bc&#8220; header_2_font_size=&#8220;80px&#8220; custom_margin=&#8220;0px||0px||false|false&#8220; custom_margin_tablet=&#8220;0px||0px||false|false&#8220; custom_margin_phone=&#8220;0px||0px||false|false&#8220; custom_margin_last_edited=&#8220;on|phone&#8220; custom_padding=&#8220;||||false|false&#8220; header_font_size_tablet=&#8220;80px&#8220; header_font_size_phone=&#8220;30px&#8220; header_font_size_last_edited=&#8220;on|phone&#8220; header_2_font_size_tablet=&#8220;80px&#8220; header_2_font_size_phone=&#8220;40px&#8220; header_2_font_size_last_edited=&#8220;on|desktop&#8220; global_colors_info=&#8220;{}&#8220;]<\/p>\n<h2>Eine Gesundheit<\/h2>\n<p>[\/et_pb_text][et_pb_accordion open_toggle_background_color=&#8220;RGBA(255,255,255,0)&#8220; closed_toggle_background_color=&#8220;RGBA(255,255,255,0)&#8220; _builder_version=&#8220;4.23&#8243; _module_preset=&#8220;default&#8220; custom_margin=&#8220;||||false|false&#8220; custom_padding=&#8220;||||false|false&#8220; global_colors_info=&#8220;{}&#8220;][et_pb_accordion_item title=&#8220;WAS IST EINE GESUNDHEIT?&#8220; open=&#8220;on&#8220; open_toggle_text_color=&#8220;#4d4845&#8243; icon_color=&#8220;#4d4845&#8243; _builder_version=&#8220;4.23&#8243; _module_preset=&#8220;default&#8220; background_color=&#8220;RGBA(255,255,255,0)&#8220; background_enable_color=&#8220;on&#8220; custom_padding=&#8220;|||0px|false|false&#8220; border_width_all=&#8220;0px&#8220; border_width_bottom=&#8220;1px&#8220; border_color_bottom=&#8220;#4d4845&#8243; border_style_bottom=&#8220;dashed&#8220; global_colors_info=&#8220;{}&#8220; toggle_text_color=&#8220;#4d4845&#8243; toggle_font_size=&#8220;28px&#8220;]<\/p>\n<p>One Health ist ein gemeinsamer Ansatz, der von der Ern\u00e4hrungs- und Landwirtschaftsorganisation (FAO), der Weltorganisation f\u00fcr Tiergesundheit (WOAH) und der Weltgesundheitsorganisation (WHO) unterst\u00fctzt wird. Es soll sich mit den Gefahren f\u00fcr die \u00f6ffentliche Gesundheit befassen, die sich aus den Wechselwirkungen zwischen Tieren, Menschen und der Umwelt ergeben.<\/p>\n<p>[\/et_pb_accordion_item][et_pb_accordion_item title=&#8220;AKTUELLER KONTEXT&#8220; icon_color=&#8220;#4d4845&#8243; _builder_version=&#8220;4.22.2&#8243; _module_preset=&#8220;default&#8220; background_color=&#8220;RGBA(255,255,255,0)&#8220; background_enable_color=&#8220;on&#8220; custom_margin=&#8220;||||false|false&#8220; custom_padding=&#8220;0px|||0px|false|false&#8220; border_width_all=&#8220;0px&#8220; border_width_bottom=&#8220;1px&#8220; border_color_bottom=&#8220;#4d4845&#8243; border_style_bottom=&#8220;dashed&#8220; global_colors_info=&#8220;{}&#8220; toggle_font_size=&#8220;26px&#8220; open=&#8220;off&#8220;]<\/p>\n<p>Der Viehzuchtsektor steht heute vor zahlreichen Herausforderungen, die von der weltweit steigenden Nachfrage nach tierischen Erzeugnissen bis hin zum zunehmenden Druck in Bezug auf nachhaltige Praktiken reichen. Das Auftreten von Zoonosen &#8211; Krankheiten, die vom Tier auf den Menschen \u00fcbertragbar sind &#8211; wie COVID-19 verdeutlicht die wichtige Verbindung zwischen der Gesundheit von Tieren und Menschen. Die Umsetzung eines integrierten Ansatzes in der Tierhaltung ist eine proaktive Strategie, um solche Herausforderungen zu bew\u00e4ltigen. Sie befasst sich mit Schl\u00fcsselfaktoren wie Tiergesundheit und Tierschutz, Lebensmittelsicherheit und \u00f6kologischer Nachhaltigkeit, wodurch Risiken verringert und die langfristige Lebensf\u00e4higkeit des Sektors sichergestellt werden. Dieser vielschichtige Ansatz hilft bei der rechtzeitigen Erkennung und Bew\u00e4ltigung potenzieller Bedrohungen, der Optimierung der Ressourcennutzung und der F\u00f6rderung verantwortungsvoller Praktiken in der Branche.<\/p>\n<p>[\/et_pb_accordion_item][et_pb_accordion_item title=&#8220;INTEGRIERTER ANSATZ IN DER LANDWIRTSCHAFT&#8220; icon_color=&#8220;#4d4845&#8243; _builder_version=&#8220;4.22.2&#8243; _module_preset=&#8220;default&#8220; background_color=&#8220;RGBA(255,255,255,0)&#8220; background_enable_color=&#8220;on&#8220; custom_padding=&#8220;0px|||0px|false|false&#8220; border_width_all=&#8220;0px&#8220; border_width_bottom=&#8220;1px&#8220; border_color_bottom=&#8220;#4d4845&#8243; border_style_bottom=&#8220;dashed&#8220; global_colors_info=&#8220;{}&#8220; toggle_font_size=&#8220;26px&#8220; open=&#8220;off&#8220;]Ein integrierter Ansatz in der Landwirtschaft kommt nicht nur der Umwelt und der \u00f6ffentlichen Gesundheit zugute, er hat auch klare wirtschaftliche Vorteile. Durch die Rationalisierung von Betriebsabl\u00e4ufen und die Optimierung des Ressourceneinsatzes k\u00f6nnen die Landwirte bessere Ertr\u00e4ge bei geringeren Inputkosten erzielen. Die Konzentration auf nachhaltige Praktiken kann neue M\u00e4rkte er\u00f6ffnen und Verbrauchersegmente anziehen, die verantwortungsvoll produzierte Waren suchen. Ein integrierter Ansatz bietet ein robusteres und widerstandsf\u00e4higeres Gesch\u00e4ftsmodell, das sich an Marktschwankungen, regulatorische \u00c4nderungen und neue Herausforderungen anpassen kann. Dies f\u00fchrt zu einem nachhaltigeren und rentableren Agrarsektor, der in der Lage ist, den Lebensunterhalt zu sichern und zur wirtschaftlichen Entwicklung auf breiterer Ebene beizutragen.[\/et_pb_accordion_item][\/et_pb_accordion][\/et_pb_column][et_pb_column type=&#8220;1_2&#8243; _builder_version=&#8220;4.22.2&#8243; _module_preset=&#8220;default&#8220; global_colors_info=&#8220;{}&#8220;][et_pb_image src=&#8220;https:\/\/livet-project.eu\/wp-content\/uploads\/2023\/11\/one-health-infographic-1.png&#8220; alt=&#8220;One Health infographic&#8220; title_text=&#8220;one-health-infographic&#8220; _builder_version=&#8220;4.23&#8243; _module_preset=&#8220;default&#8220; border_radii=&#8220;on|10px|10px|10px|10px&#8220; global_colors_info=&#8220;{}&#8220;][\/et_pb_image][\/et_pb_column][\/et_pb_row][\/et_pb_section][et_pb_section fb_built=&#8220;1&#8243; admin_label=&#8220;Livet&#8220; _builder_version=&#8220;4.22.2&#8243; _module_preset=&#8220;default&#8220; background_color=&#8220;RGBA(255,255,255,0)&#8220; use_background_color_gradient=&#8220;on&#8220; background_color_gradient_direction=&#8220;90deg&#8220; background_color_gradient_stops=&#8220;rgba(241,184,40,0.22) 0%|rgba(241,184,40,0) 98%&#8220; global_colors_info=&#8220;{}&#8220;][et_pb_row column_structure=&#8220;1_2,1_2&#8243; _builder_version=&#8220;4.22.2&#8243; _module_preset=&#8220;default&#8220; custom_margin=&#8220;||40px||false|false&#8220; custom_margin_tablet=&#8220;||40px||false|false&#8220; custom_margin_phone=&#8220;||40px||false|false&#8220; custom_margin_last_edited=&#8220;on|desktop&#8220; global_colors_info=&#8220;{}&#8220;][et_pb_column type=&#8220;1_2&#8243; _builder_version=&#8220;4.22.2&#8243; _module_preset=&#8220;default&#8220; global_colors_info=&#8220;{}&#8220;][et_pb_image src=&#8220;https:\/\/livet-project.eu\/wp-content\/uploads\/2023\/10\/veterinary-lab-robe-standing-cowshed.jpg&#8220; alt=&#8220;veterinarian and cowshed&#8220; title_text=&#8220;veterinarian and cowshed&#8220; _builder_version=&#8220;4.23&#8243; _module_preset=&#8220;default&#8220; border_radii=&#8220;on|10px|10px|10px|10px&#8220; global_colors_info=&#8220;{}&#8220;][\/et_pb_image][et_pb_button button_text=&#8220;Bildungsplattform&#8220; button_alignment=&#8220;right&#8220; _builder_version=&#8220;4.23&#8243; _module_preset=&#8220;default&#8220; custom_button=&#8220;on&#8220; button_text_color=&#8220;#f1b828&#8243; button_bg_color=&#8220;#4d4845&#8243; button_border_width=&#8220;0px&#8220; button_font=&#8220;|||on|||||&#8220; button_use_icon=&#8220;off&#8220; global_colors_info=&#8220;{}&#8220;][\/et_pb_button][\/et_pb_column][et_pb_column type=&#8220;1_2&#8243; _builder_version=&#8220;4.22.2&#8243; _module_preset=&#8220;default&#8220; global_colors_info=&#8220;{}&#8220;][et_pb_text _builder_version=&#8220;4.22.2&#8243; _module_preset=&#8220;default&#8220; text_font=&#8220;|700|on||||||&#8220; custom_margin=&#8220;||0px||false|false&#8220; custom_margin_tablet=&#8220;||0px||false|false&#8220; custom_margin_phone=&#8220;||0px||false|false&#8220; custom_margin_last_edited=&#8220;on|desktop&#8220; global_colors_info=&#8220;{}&#8220;]<\/p>\n<p>Viehzucht und One Health-Ansatz<\/p>\n<p>[\/et_pb_text][et_pb_text _builder_version=&#8220;4.22.2&#8243; _module_preset=&#8220;default&#8220; header_font_size=&#8220;80px&#8220; header_2_font=&#8220;|700|||||||&#8220; header_2_text_color=&#8220;#f1b828&#8243; header_2_font_size=&#8220;80px&#8220; custom_margin=&#8220;0px||0px||false|false&#8220; custom_margin_tablet=&#8220;0px||0px||false|false&#8220; custom_margin_phone=&#8220;0px||0px||false|false&#8220; custom_margin_last_edited=&#8220;on|phone&#8220; custom_padding=&#8220;||||false|false&#8220; header_font_size_tablet=&#8220;80px&#8220; header_font_size_phone=&#8220;30px&#8220; header_font_size_last_edited=&#8220;on|phone&#8220; header_2_font_size_tablet=&#8220;80px&#8220; header_2_font_size_phone=&#8220;40px&#8220; header_2_font_size_last_edited=&#8220;on|desktop&#8220; global_colors_info=&#8220;{}&#8220;]<\/p>\n<h2>LIVET<\/h2>\n<p>[\/et_pb_text][et_pb_accordion open_toggle_background_color=&#8220;RGBA(255,255,255,0)&#8220; closed_toggle_background_color=&#8220;RGBA(255,255,255,0)&#8220; _builder_version=&#8220;4.23.1&#8243; _module_preset=&#8220;default&#8220; custom_margin=&#8220;||||false|false&#8220; custom_padding=&#8220;||||false|false&#8220; global_colors_info=&#8220;{}&#8220;][et_pb_accordion_item title=&#8220;AKTUELLER KONTEXT&#8220; open=&#8220;on&#8220; open_toggle_text_color=&#8220;#4d4845&#8243; icon_color=&#8220;#4d4845&#8243; _builder_version=&#8220;4.22.2&#8243; _module_preset=&#8220;default&#8220; background_color=&#8220;RGBA(255,255,255,0)&#8220; background_enable_color=&#8220;on&#8220; custom_padding=&#8220;|||0px|false|false&#8220; border_width_all=&#8220;0px&#8220; border_width_bottom=&#8220;1px&#8220; border_color_bottom=&#8220;#4d4845&#8243; border_style_bottom=&#8220;dashed&#8220; global_colors_info=&#8220;{}&#8220; toggle_text_color=&#8220;#4d4845&#8243; toggle_font_size=&#8220;28px&#8220;]<\/p>\n<p>Ziel des LIVET-Projekts ist es, die Integration des One-Health-Rahmens in die berufliche Aus- und Weiterbildung voranzutreiben. Ziel ist es, das Wohlergehen der Tiere zu verbessern, endemische und neu auftretende Zoonosen zu bek\u00e4mpfen und den Einsatz von und die Resistenz gegen antimikrobielle Mittel zu verringern. Nachdem sich der One-Health-Ansatz im akademischen Bereich und in der Forschung bew\u00e4hrt hat, muss er nun auch auf den Berufsbildungs- und den Wirtschaftssektor angewandt werden.<br \/>\nDies wird die Innovation durch den kooperativen Wissensfluss zwischen der Hochschulbildung, der beruflichen Aus- und Weiterbildung und dem breiteren sozio\u00f6konomischen Umfeld f\u00f6rdern.\n<\/p>\n<p>[\/et_pb_accordion_item][et_pb_accordion_item title=&#8220;LEHRPLAN UND KURS&#8220; icon_color=&#8220;#4d4845&#8243; _builder_version=&#8220;4.22.2&#8243; _module_preset=&#8220;default&#8220; background_color=&#8220;RGBA(255,255,255,0)&#8220; background_enable_color=&#8220;on&#8220; custom_margin=&#8220;||||false|false&#8220; custom_padding=&#8220;0px|||0px|false|false&#8220; border_width_all=&#8220;0px&#8220; border_width_bottom=&#8220;1px&#8220; border_color_bottom=&#8220;#4d4845&#8243; border_style_bottom=&#8220;dashed&#8220; global_colors_info=&#8220;{}&#8220; toggle_font_size=&#8220;26px&#8220; open=&#8220;off&#8220;]<\/p>\n<p>LIVET hat sich zum Ziel gesetzt, einen einzigartigen und innovativen Lehrplan f\u00fcr die Berufsbildung zu erstellen, der ab 2025 in einer Pilotphase getestet werden soll. Der Lehrplan wird ein umfassendes Paket von Lernmaterialien sowie politische Empfehlungen f\u00fcr die Einbeziehung des One-Health-Ansatzes in regionale, nationale und europ\u00e4ische Regelungen enthalten.<\/p>\n<p>[\/et_pb_accordion_item][et_pb_accordion_item title=&#8220;LERNM\u00d6GLICHKEITEN&#8220; icon_color=&#8220;#4d4845&#8243; _builder_version=&#8220;4.23.1&#8243; _module_preset=&#8220;default&#8220; background_color=&#8220;RGBA(255,255,255,0)&#8220; background_enable_color=&#8220;on&#8220; custom_padding=&#8220;0px|||0px|false|false&#8220; border_width_all=&#8220;0px&#8220; border_width_bottom=&#8220;1px&#8220; border_color_bottom=&#8220;#4d4845&#8243; border_style_bottom=&#8220;dashed&#8220; global_colors_info=&#8220;{}&#8220; toggle_font_size=&#8220;26px&#8220; open=&#8220;off&#8220;]1. Ein 75-st\u00fcndiger Online-Kurs, der sich auf die Einf\u00fchrung des One-Health-Konzepts in der europ\u00e4ischen Viehwirtschaft konzentriert.<br \/>\n2. Drei nationale Spezialisierungskurse zu den Themen Tierschutz, Zoonosen und Antibiotikaeinsatz und -resistenz, die von landwirtschaftlichen Beratungsdiensten, akademischen Forschern und internationalen Experten geleitet werden.<br \/>\n3. Eine Autumn School \u00fcber One Health und integriertes Risikomanagement in Cluj-Napoca, Rum\u00e4nien.<br \/>\n4. Ein Praktikum von 150 Stunden in einem nationalen oder europ\u00e4ischen Unternehmen.[\/et_pb_accordion_item][et_pb_accordion_item title=&#8220;ZIELGRUPPEN&#8220; icon_color=&#8220;#4d4845&#8243; _builder_version=&#8220;4.22.2&#8243; _module_preset=&#8220;default&#8220; background_color=&#8220;RGBA(255,255,255,0)&#8220; background_enable_color=&#8220;on&#8220; custom_padding=&#8220;0px|||0px|false|false&#8220; border_width_all=&#8220;0px&#8220; border_width_bottom=&#8220;1px&#8220; border_color_bottom=&#8220;#4d4845&#8243; border_style_bottom=&#8220;dashed&#8220; global_colors_info=&#8220;{}&#8220; toggle_font_size=&#8220;26px&#8220; open=&#8220;off&#8220;]Zu den Zielgruppen geh\u00f6ren Absolventen von landwirtschaftlichen technischen Berufsbildungseinrichtungen, Studenten der Agrar- oder Veterin\u00e4rwissenschaften, Berater, Techniker, Leiter von Viehzuchtbetrieben und spezialisierte Viehz\u00fcchter in F\u00fchrungspositionen. Helfen Sie uns, eine ges\u00fcndere und nachhaltigere Zukunft f\u00fcr alle zu gestalten. Helfen Sie uns, eine ges\u00fcndere und nachhaltigere Zukunft f\u00fcr alle zu gestalten. Melden Sie sich jetzt an und sichern Sie sich Ihren Platz in unseren Kursen und Praktikumsangeboten.[\/et_pb_accordion_item][\/et_pb_accordion][et_pb_text _builder_version=&#8220;4.23.1&#8243; _dynamic_attributes=&#8220;link_option_url&#8220; _module_preset=&#8220;default&#8220; header_font=&#8220;||||||||&#8220; header_5_font=&#8220;|||on|||||&#8220; header_5_font_size=&#8220;26px&#8220; custom_padding=&#8220;||12px|||&#8220; link_option_url=&#8220;@ET-DC@eyJkeW5hbWljIjp0cnVlLCJjb250ZW50IjoicG9zdF9saW5rX3VybF9wYWdlIiwic2V0dGluZ3MiOnsicG9zdF9pZCI6IjU5OSJ9fQ==@&#8220; border_width_bottom=&#8220;1px&#8220; border_style_bottom=&#8220;dashed&#8220; global_colors_info=&#8220;{}&#8220;]<\/p>\n<h5>KONSORTIUM<\/h5>\n<p>[\/et_pb_text][et_pb_text _builder_version=&#8220;4.23.1&#8243; _dynamic_attributes=&#8220;link_option_url&#8220; _module_preset=&#8220;default&#8220; header_font=&#8220;||||||||&#8220; header_5_font=&#8220;|||on|||||&#8220; header_5_font_size=&#8220;26px&#8220; custom_padding=&#8220;||12px|||&#8220; link_option_url=&#8220;@ET-DC@eyJkeW5hbWljIjp0cnVlLCJjb250ZW50IjoicG9zdF9saW5rX3VybF9wYWdlIiwic2V0dGluZ3MiOnsicG9zdF9pZCI6IjczNSJ9fQ==@&#8220; border_width_bottom=&#8220;1px&#8220; border_style_bottom=&#8220;dashed&#8220; global_colors_info=&#8220;{}&#8220;]<\/p>\n<h5>Arbeitspakete<\/h5>\n<p>[\/et_pb_text][\/et_pb_column][\/et_pb_row][\/et_pb_section]<\/p>\n","protected":false},"excerpt":{"rendered":"<p>Weitere Informationen \u00fcber das ProjektEin einheitlicher, multidisziplin\u00e4rer AnsatzEine GesundheitOne Health ist ein gemeinsamer Ansatz, der von der Ern\u00e4hrungs- und Landwirtschaftsorganisation (FAO), der Weltorganisation f\u00fcr Tiergesundheit (WOAH) und der Weltgesundheitsorganisation (WHO) unterst\u00fctzt wird. Es soll sich mit den Gefahren f\u00fcr die \u00f6ffentliche Gesundheit befassen, die sich aus den Wechselwirkungen zwischen Tieren, Menschen und der Umwelt ergeben.Der [&hellip;]<\/p>\n","protected":false},"author":1,"featured_media":0,"parent":0,"menu_order":0,"comment_status":"closed","ping_status":"closed","template":"","meta":{"_acf_changed":false,"_et_pb_use_builder":"on","_et_pb_old_content":"","_et_gb_content_width":"","footnotes":""},"class_list":["post-1312","page","type-page","status-publish","hentry"],"acf":[],"_links":{"self":[{"href":"https:\/\/livet-project.eu\/de\/wp-json\/wp\/v2\/pages\/1312","targetHints":{"allow":["GET"]}}],"collection":[{"href":"https:\/\/livet-project.eu\/de\/wp-json\/wp\/v2\/pages"}],"about":[{"href":"https:\/\/livet-project.eu\/de\/wp-json\/wp\/v2\/types\/page"}],"author":[{"embeddable":true,"href":"https:\/\/livet-project.eu\/de\/wp-json\/wp\/v2\/users\/1"}],"replies":[{"embeddable":true,"href":"https:\/\/livet-project.eu\/de\/wp-json\/wp\/v2\/comments?post=1312"}],"version-history":[{"count":5,"href":"https:\/\/livet-project.eu\/de\/wp-json\/wp\/v2\/pages\/1312\/revisions"}],"predecessor-version":[{"id":1317,"href":"https:\/\/livet-project.eu\/de\/wp-json\/wp\/v2\/pages\/1312\/revisions\/1317"}],"wp:attachment":[{"href":"https:\/\/livet-project.eu\/de\/wp-json\/wp\/v2\/media?parent=1312"}],"curies":[{"name":"wp","href":"https:\/\/api.w.org\/{rel}","templated":true}]}}